{"id":1040,"date":"2021-11-15T10:05:42","date_gmt":"2021-11-15T10:05:42","guid":{"rendered":"https:\/\/vttdragon.com\/?post_type=product&#038;p=1040"},"modified":"2023-04-20T07:28:57","modified_gmt":"2023-04-20T07:28:57","slug":"7-nguyen-tac-dau-tu-dat-nen-tranh-rui-ro","status":"publish","type":"product","link":"https:\/\/batdongsan8.vttagency.vn\/?product=7-nguyen-tac-dau-tu-dat-nen-tranh-rui-ro","title":{"rendered":"7 Nguy\u00ean t\u1eafc \u0111\u1ea7u t\u01b0  \u0111\u1ea5t n\u1ec1n tr\u00e1nh r\u1ee7i ro"},"content":{"rendered":"<h3><strong><span style=\"color: #000000;\">\u00a0I. Nguy\u00ean t\u1eafc 1:\u00a0 v\u1ec1 l\u1ef1a ch\u1ecdn v\u1ecb tr\u00ed, h\u1ea1 t\u1ea7ng xung quanh<\/span><\/strong><\/h3>\n<p><span style=\"color: #000000;\">Khi \u0111\u1ea7u t\u01b0 \u0111\u1ea5t n\u1ec1n c\u1ea7n ch\u00fa \u00fd v\u1ecb tr\u00ed \u0111\u1ea5t. \u0110\u1ea5t c\u00f3 k\u1ebft n\u1ed1i giao th\u00f4ng \u1edf m\u1ee9c t\u1eeb trung b\u00ecnh \u0111\u1ebfn kh\u00e1 thu\u1eadn ti\u1ec7n. Khi h\u1ea1 t\u1ea7ng ho\u00e0n thi\u1ec7n d\u1ea7n, c\u01a1 h\u1ed9i t\u0103ng gi\u00e1 s\u1ebd l\u1edbn d\u1ea7n. M\u1ed9t m\u1ea3nh \u0111\u1ea5t h\u1ee9a h\u1eb9n c\u00f3 ng\u01b0\u1eddi quan t\u00e2m n\u1ebfu c\u00f3 ti\u1ec7n<\/span><\/p>\n<p><span style=\"color: #000000;\">\u00edch li\u1ec1n k\u1ec1<\/span><\/p>\n<p><img loading=\"lazy\" class=\"aligncenter wp-image-1048\" src=\"https:\/\/vttdragon.com\/wp-content\/uploads\/2021\/11\/3-533x400.jpg\" alt=\"\" width=\"600\" height=\"450\" srcset=\"https:\/\/batdongsan8.vttagency.vn\/wp-content\/uploads\/2021\/11\/3-533x400.jpg 533w, https:\/\/batdongsan8.vttagency.vn\/wp-content\/uploads\/2021\/11\/3-768x576.jpg 768w, https:\/\/batdongsan8.vttagency.vn\/wp-content\/uploads\/2021\/11\/3-600x450.jpg 600w, https:\/\/batdongsan8.vttagency.vn\/wp-content\/uploads\/2021\/11\/3.jpg 960w\" sizes=\"(max-width: 600px) 100vw, 600px\" \/><\/p>\n<h3><strong><span style=\"color: #000000;\">II. Nguy\u00ean t\u1eafc 2: \u0110\u1ea7u t\u01b0 theo c\u1ee5m d\u00e2n c\u01b0<\/span><\/strong><\/h3>\n<p><span style=\"color: #000000;\">\u0110\u1ea7u t\u01b0 \u0111\u1ea5t n\u1ec1n theo c\u1ee5m d\u00e2n c\u01b0 l\u00e0 m\u1ed9t c\u00e1ch \u0111\u1ea7u t\u01b0 kh\u00f4n ngoan. N\u01a1i n\u00e0o h\u00ecnh th\u00e0nh c\u1ee5m d\u00e2n c\u01b0 \u0111\u00f4ng \u0111\u00fac, n\u01a1i \u0111\u00f3 s\u1ebd sinh l\u1eddi cao. B\u1ea1n kh\u00f4ng n\u00ean m\u1ea1o hi\u1ec3m b\u1eb1ng c\u00e1ch ti\u00ean \u0111o\u00e1n tr\u01b0\u1edbc t\u01b0\u01a1ng lai c\u1ee7a m\u1ed9t khu \u0111\u1ea5t<\/span><\/p>\n<p><span style=\"color: #000000;\">\u201c\u0111\u1ed3ng kh\u00f4ng m\u00f4ng qu\u1ea1nh\u201d.<\/span><\/p>\n<p><span style=\"color: #000000;\">\u0110\u1ea5t n\u1ec1n \u0111\u01b0\u1ee3c quy ho\u1ea1ch h\u1ea1 t\u1ea7ng l\u00e0 \u0111i\u1ec3m thu h\u00fat \u0111\u1ea7u t\u01b0<\/span><\/p>\n<p><span style=\"color: #000000;\">S\u1ebd c\u00f3 nhi\u1ec1u ng\u01b0\u1eddi tin v\u00e0o l\u1eddi qu\u1ea3ng c\u00e1o gi\u00e1 r\u1ebb h\u1ee9a h\u1eb9n s\u1ef1 t\u0103ng gi\u00e1 trong t\u01b0\u01a1ng lai. V\u00ec v\u1eady, tr\u01b0\u1edbc khi c\u00f3 quy\u1ebft \u0111\u1ecbnh \u0111\u1ea7u t\u01b0, h\u00e3y t\u1ef1 \u0111\u1eb7t c\u00e2u h\u1ecfi \u201c\u0111\u1ea5t r\u1ebb s\u1ebd c\u00f3 bao nhi\u00eau ph\u1ea7n tr\u0103m c\u01a1 h\u1ed9i t\u0103ng gi\u00e1\u201d\u2026 Nhi\u1ec1u khu \u0111\u1ea5t n\u1ec1n<\/span><\/p>\n<p><span style=\"color: #000000;\">nh\u01b0 m\u1ed9t \u1ed1c \u0111\u1ea3o kh\u00f4ng \u0111i\u1ec7n n\u01b0\u1edbc, c\u00e1c c\u00f4ng tr\u00ecnh ph\u1ee5c v\u1ee5 sinh ho\u1ea1t c\u1ee7a d\u00e2n c\u01b0.<\/span><\/p>\n<p><img loading=\"lazy\" class=\"aligncenter wp-image-1049\" src=\"https:\/\/vttdragon.com\/wp-content\/uploads\/2021\/11\/6-724x400.jpg\" alt=\"\" width=\"600\" height=\"331\" srcset=\"https:\/\/batdongsan8.vttagency.vn\/wp-content\/uploads\/2021\/11\/6-724x400.jpg 724w, https:\/\/batdongsan8.vttagency.vn\/wp-content\/uploads\/2021\/11\/6-768x424.jpg 768w, https:\/\/batdongsan8.vttagency.vn\/wp-content\/uploads\/2021\/11\/6-600x331.jpg 600w, https:\/\/batdongsan8.vttagency.vn\/wp-content\/uploads\/2021\/11\/6.jpg 956w\" sizes=\"(max-width: 600px) 100vw, 600px\" \/><\/p>\n<h3><strong><span style=\"color: #000000;\">III:\u00a0 Nguy\u00ean t\u1eafc th\u1ee9 3: V\u1ec1 v\u1ea5n \u0111\u1ec1 ph\u00e1p l\u00fd<\/span><\/strong><\/h3>\n<p><span style=\"color: #000000;\">Nh\u00e0 \u0111\u1ea7u t\u01b0 ch\u1ec9 n\u00ean mua \u0111\u1ea5t n\u1ec1n c\u1ea7n c\u00f3 ph\u00e1p l\u00fd ho\u00e0n ch\u1ec9nh. Nh\u1eefng y\u1ebfu t\u1ed1 \u0111\u1ea3m b\u1ea3o an to\u00e0n g\u1ed3m s\u1ed5 \u0111\u1ecf, kh\u00f4ng v\u01b0\u1edbng quy ho\u1ea1ch, c\u00f3 gi\u1ea5y ph\u00e9p x\u00e2y d\u1ef1ng. R\u1ee7i ro l\u1edbn nh\u1ea5t cho nh\u00e0 \u0111\u1ea7u t\u01b0 l\u00e0 mua \u0111\u1ea5t n\u1ec1n ph\u00e1p l\u00fd d\u1edf<\/span><\/p>\n<p><span style=\"color: #000000;\">dang. T\u00ecnh hu\u1ed1ng c\u00f3 th\u1ec3 di\u1ec5n ra l\u00e0 m\u1ea5t nhi\u1ec1u th\u1eddi gian \u0111\u1ec3 ho\u00e0n thi\u1ec7n ph\u00e1p l\u00fd; ho\u1eb7c kh\u00f4ng th\u1ec3 ra s\u1ed5 (gi\u1ea5y ch\u1ee9ng nh\u1eadn) \u0111\u01b0\u1ee3c do v\u01b0\u1edbng c\u00e1c quy \u0111\u1ecbnh, quy chu\u1ea9n.<\/span><\/p>\n<p><strong><span style=\"color: #000000;\">\u00a0Ba lo\u1ea1i \u0111\u1ea5t n\u1ec1n nh\u00e0 \u0111\u1ea7u t\u01b0 n\u00ean tr\u00e1nh:<\/span><\/strong><\/p>\n<p><span style=\"color: #000000;\">-\u0110\u1ea5t n\u1ec1n ch\u01b0a \u0111\u01b0\u1ee3c ph\u00e9p ph\u00e2n l\u00f4. \u0110\u1ea5t n\u00e0y nh\u00e0 \u0111\u1ea7u t\u01b0 s\u1ebd kh\u00f3a b\u00e1n, ng\u01b0\u1eddi mua \u1edf th\u1ef1c c\u00f3 th\u1ec3 g\u1eb7p r\u1eafc r\u1ed1i khi \u0111\u1ea5t ch\u01b0a \u0111\u01b0\u1ee3c ph\u00e9p t\u00e1ch th\u1eeda n\u00ean c\u0169ng kh\u00f4ng \u0111\u01b0\u1ee3c c\u1ea5p s\u1ed5 \u0111\u1ecf \u0111\u1ec3 x\u00e2y d\u1ef1ng.<\/span><\/p>\n<p><span style=\"color: #000000;\">-\u0110\u1ea5t n\u1ec1n d\u1ef1 \u00e1n \u201cma\u201d t\u1ee9c d\u1ef1 \u00e1n \u0111\u1ea5t n\u1ec1n kh\u00f4ng c\u00f3 th\u1ef1c \u0111\u1ec3 gi\u0103ng b\u1eaby, chi\u1ebfm \u0111o\u1ea1t ti\u1ec1n c\u1ecdc c\u1ee7a kh\u00e1ch h\u00e0ng.<\/span><\/p>\n<p><span style=\"color: #000000;\">-\u0110\u1ea5t n\u1ec1n b\u1ecb ch\u1ee7 \u0111\u1ea7u t\u01b0 c\u1ea7m c\u1ed1 ng\u00e2n h\u00e0ng. Ch\u1ee7 \u0111\u1ea7u t\u01b0 \u0111em \u0111\u1ea5t \u0111\u00e3 b\u00e1n cho ng\u01b0\u1eddi d\u00e2n th\u1ebf ch\u1ea5p ng\u00e2n h\u00e0ng. Nhi\u1ec1u kh\u00e1ch h\u00e0ng mua n\u1ec1n \u0111\u1ea5t, k\u00fd h\u1ee3p \u0111\u1ed3ng mua b\u00e1n h\u1ee3p ph\u00e1p v\u1edbi ch\u1ee7 \u0111\u1ea7u t\u01b0 nh\u01b0ng sau \u0111\u00f3 kh\u00f4ng th\u1ec3 x\u00e2y nh\u00e0 v\u00ec \u0111\u1ea5t ch\u01b0a c\u00f3 s\u1ed5 \u0111\u1ecf ho\u1eb7c kh\u00f4ng l\u00ean \u0111\u01b0\u1ee3c th\u1ed5 c\u01b0.<\/span><\/p>\n<p><img loading=\"lazy\" class=\"wp-image-1050 aligncenter\" src=\"https:\/\/vttdragon.com\/wp-content\/uploads\/2021\/11\/2-533x400.jpg\" alt=\"\" width=\"600\" height=\"450\" srcset=\"https:\/\/batdongsan8.vttagency.vn\/wp-content\/uploads\/2021\/11\/2-533x400.jpg 533w, https:\/\/batdongsan8.vttagency.vn\/wp-content\/uploads\/2021\/11\/2-768x576.jpg 768w, https:\/\/batdongsan8.vttagency.vn\/wp-content\/uploads\/2021\/11\/2-600x450.jpg 600w, https:\/\/batdongsan8.vttagency.vn\/wp-content\/uploads\/2021\/11\/2.jpg 960w\" sizes=\"(max-width: 600px) 100vw, 600px\" \/><\/p>\n<h3><strong><span style=\"color: #000000;\">IV:\u00a0 Nguy\u00ean t\u1eafc th\u1ee9 4: Li\u00ean quan \u0111\u1ebfn vi\u1ec7c \u0111\u1ecbnh gi\u00e1 \u0111\u1ea5t n\u1ec1n<\/span><\/strong><\/h3>\n<p><span style=\"color: #000000;\">Tr\u01b0\u1edbc khi mua, b\u1ea1n c\u1ea7n \u0111\u1ecbnh gi\u00e1 \u0111\u1ea5t n\u1ec1n. B\u1ea1n \u0111\u1eebng n\u00ean l\u00e0 ng\u01b0\u1eddi \u0111\u1ea7u ti\u00ean \u0111\u1ecbnh gi\u00e1 \u0111\u1ea5t. Nh\u00e0 \u0111\u1ea7u t\u01b0 c\u1ea7n t\u00ecm chuy\u00ean gia b\u1ea5t \u0111\u1ed9ng s\u1ea3n, chuy\u00ean gia th\u1ea9m \u0111\u1ecbnh gi\u00e1 \u0111\u1ec3 \u0111\u01b0\u1ee3c t\u01b0 v\u1ea5n gi\u00e1 \u0111\u1ea5t n\u1ec1n d\u1ef1 \u0111\u1ecbnh mua \u0111\u00e3 h\u1ee3p l\u00fd hay ch\u01b0a.<\/span><\/p>\n<p><span style=\"color: #000000;\">Ph\u01b0\u01a1ng ph\u00e1p \u0111\u1ecbnh gi\u00e1 ph\u1ed5 th\u00f4ng l\u00e0 l\u00e0m ph\u00e9p to\u00e1n so s\u00e1nh gi\u00e1 c\u00e1c n\u1ec1n \u0111\u1ea5t l\u00e2n c\u1eadn trong th\u1eddi gian g\u1ea7n nh\u1ea5t. Ch\u1ec9 n\u00ean mua khi gi\u00e1 n\u1ec1n \u0111\u1ea5t b\u1eb1ng ho\u1eb7c th\u1ea5p h\u01a1n gi\u00e1 th\u1ecb tr\u01b0\u1eddng.<\/span><\/p>\n<p><img loading=\"lazy\" class=\"aligncenter wp-image-1051\" src=\"https:\/\/vttdragon.com\/wp-content\/uploads\/2021\/11\/7-697x400.jpg\" alt=\"\" width=\"600\" height=\"344\" srcset=\"https:\/\/batdongsan8.vttagency.vn\/wp-content\/uploads\/2021\/11\/7-697x400.jpg 697w, https:\/\/batdongsan8.vttagency.vn\/wp-content\/uploads\/2021\/11\/7-768x441.jpg 768w, https:\/\/batdongsan8.vttagency.vn\/wp-content\/uploads\/2021\/11\/7-600x344.jpg 600w, https:\/\/batdongsan8.vttagency.vn\/wp-content\/uploads\/2021\/11\/7.jpg 944w\" sizes=\"(max-width: 600px) 100vw, 600px\" \/><\/p>\n<h3><strong><span style=\"color: #000000;\">V:\u00a0 Nguy\u00ean t\u1eafc th\u1ee9 5: Li\u00ean quan \u0111\u1ebfn t\u00ednh thanh kho\u1ea3n c\u1ee7a khu \u0111\u1ea5t<\/span><\/strong><\/h3>\n<p><span style=\"color: #000000;\">C\u00e2n nh\u1eafc \u0111\u1ebfn t\u00ednh thanh kho\u1ea3n th\u1eadt s\u1ef1 c\u1ee7a khu \u0111\u1ea5t. Nh\u00e0 \u0111\u1ea7u t\u01b0 n\u00ean l\u00e0m m\u1ed9t cu\u1ed9c kh\u1ea3o s\u00e1t s\u01a1 b\u1ed9 v\u1ec1 c\u00e1c giao d\u1ecbch \u0111\u1ea5t n\u1ec1n trong khu v\u1ef1c m\u00ecnh ch\u1ecdn mua.<\/span><\/p>\n<p><span style=\"color: #000000;\">C\u1ea7n t\u00ecm hi\u1ec3u nhu c\u1ea7u mua b\u00e1n giao d\u1ecbch n\u01a1i n\u00e0y c\u00f3 th\u1eadt hay kh\u00f4ng. Ch\u1ec9 n\u00ean mua khi thanh kho\u1ea3n c\u1ee7a t\u00e0i s\u1ea3n t\u1ed1t (c\u00f3 th\u1ec3 b\u00e1n nhanh \u0111\u01b0\u1ee3c khi c\u1ea7n ti\u1ec1n), tr\u00e1nh \u0111\u01b0\u1ee3c k\u1ecbch b\u1ea3n b\u1ecb ch\u00f4n v\u1ed1n b\u1ea5t kh\u1ea3 kh\u00e1ng.<\/span><\/p>\n<h3><strong><span style=\"color: #000000;\">VI:\u00a0 Nguy\u00ean t\u1eafc th\u1ee9 5: Li\u00ean quan t\u1edbi t\u00e0i ch\u00ednh c\u1ee7a nh\u00e0 \u0111\u1ea7u t\u01b0<\/span><\/strong><\/h3>\n<p><span style=\"color: #000000;\">Nh\u00e0 \u0111\u1ea7u t\u01b0 n\u00ean c\u00e2n nh\u1eafc s\u1ed1 ti\u1ec1n \u0111ang. Kh\u00f4ng \u0111\u1ea7u t\u01b0 qu\u00e1 s\u1ed1 ti\u1ec1n \u0111ang c\u00f3. Nh\u00e0 \u0111\u1ea7u t\u01b0 ch\u1ec9 n\u00ean d\u00f9ng ti\u1ec1n nh\u00e0n r\u1ed7i. Nh\u1ea5t l\u00e0 nh\u00e0 \u0111\u1ea7u t\u01b0 m\u1edbi ch\u01b0a c\u00f3 nhi\u1ec1u kinh nghi\u1ec7m trong l\u0129nh v\u1ef1c n\u00e0y.<\/span><\/p>\n<p><span style=\"color: #000000;\">Khi thi\u1ebfu h\u1ee5t nh\u00e0 \u0111\u1ea7u t\u01b0 n\u00ean vay trong ng\u01b0\u1ee1ng an to\u00e0n (50% gi\u00e1 tr\u1ecb t\u00e0i s\u1ea3n tr\u1edf xu\u1ed1ng). C\u1ea7n l\u01b0\u1eddng tr\u01b0\u1edbc t\u1ea5t c\u1ea3 \u00e1p l\u1ef1c v\u1ec1 l\u00e3i su\u1ea5t, th\u1eddi h\u1ea1n vay v\u1ed1n. Mua \u0111\u1ea5t l\u00fac th\u1ecb tr\u01b0\u1eddng kh\u1ee7ng ho\u1ea3ng, gi\u00e1 s\u1ee5t gi\u1ea3m m\u1ea1nh, l\u00e0 th\u1eddi \u0111i\u1ec3m v\u00e0ng.<\/span><\/p>\n<p><span style=\"color: #000000;\">Th\u1ecb tr\u01b0\u1eddng c\u00e0ng n\u00f3ng s\u1ed1t, c\u00e0ng ti\u1ec1m \u1ea9n nhi\u1ec1u r\u1ee7i ro. Gi\u00e1 c\u1ea3 s\u1ebd gi\u1ea3m m\u1ea1nh c\u0169ng c\u00f3 gi\u1edbi h\u1ea1n, t\u0103ng m\u1ea1nh c\u0169ng s\u1ebd \u0111\u1ebfn ng\u01b0\u1ee1ng. Nh\u00e0 \u0111\u1ea7u t\u01b0 d\u1ef1 \u0111o\u00e1n \u0111\u00fang \u0111i\u1ec3m mua v\u00e0o b\u00e1n ra s\u1ebd n\u1eafm ph\u1ea7n th\u1eafng.<\/span><\/p>\n<p><img loading=\"lazy\" class=\"wp-image-1052 aligncenter\" src=\"https:\/\/vttdragon.com\/wp-content\/uploads\/2021\/11\/1-1-533x400.jpg\" alt=\"\" width=\"600\" height=\"450\" srcset=\"https:\/\/batdongsan8.vttagency.vn\/wp-content\/uploads\/2021\/11\/1-1-533x400.jpg 533w, https:\/\/batdongsan8.vttagency.vn\/wp-content\/uploads\/2021\/11\/1-1-768x576.jpg 768w, https:\/\/batdongsan8.vttagency.vn\/wp-content\/uploads\/2021\/11\/1-1-600x450.jpg 600w, https:\/\/batdongsan8.vttagency.vn\/wp-content\/uploads\/2021\/11\/1-1.jpg 960w\" sizes=\"(max-width: 600px) 100vw, 600px\" \/><\/p>\n<h3><span style=\"color: #000000;\"><strong>VII:\u00a0 Nguy\u00ean t\u1eafc 7: gi\u1ea3m thi\u1ec3u r\u1ee7i r<\/strong>o<\/span><\/h3>\n<p><span style=\"color: #000000;\">\u201cBu\u00f4n c\u00f3 b\u1ea1n, b\u00e1n c\u00f3 ph\u01b0\u1eddng\u201d. Trong kinh doanh \u0111\u1ea5t n\u1ec1n n\u00ean \u0111\u1ea7u t\u01b0 theo \u0111\u1ed9i nh\u00f3m. R\u1ee7i ro s\u1ebd gi\u1ea3m \u0111i khi c\u00f3 nhi\u1ec1u \u0111\u1ed1i t\u00e1c c\u00f9ng \u0111\u1ed3ng h\u00e0nh.<\/span><\/p>\n<p><span style=\"color: #000000;\">\u0110\u00e2y l\u00e0 th\u1ecb tr\u01b0\u1eddng ph\u1ee9c t\u1ea1p, nhi\u1ec1u c\u1ea1m b\u1eaby \u0111\u1ed1i v\u1edbi nh\u00e0 \u0111\u1ea7u t\u01b0 non kinh nghi\u1ec7m. \u0110\u1ea7u t\u01b0 theo nh\u00f3m c\u00f3 \u01b0u \u0111i\u1ec3m l\u00e0 ki\u1ebfn th\u1ee9c c\u1ee7a c\u00e1c \u0111\u1ed1i t\u00e1c v\u1ec1 \u0111\u1ea5t n\u1ec1n s\u1ebd \u0111\u01b0\u1ee3c c\u1ed9ng h\u01b0\u1edfng r\u1ea5t t\u1ed1t.<\/span><\/p>\n<p><span style=\"color: #000000;\">Xem x\u00e9t th\u00f4ng tin tr\u00e1nh mua nh\u1ea7m \u0111\u1ea5t n\u1ec1n d\u1ef1 \u00e1n &#8220;ma&#8221;<\/span><\/p>\n<p><span style=\"color: #000000;\">Xem x\u00e9t th\u00f4ng tin tr\u00e1nh mua nh\u1ea7m \u0111\u1ea5t n\u1ec1n d\u1ef1 \u00e1n \u201cma\u201d<\/span><\/p>\n<p><img loading=\"lazy\" class=\"aligncenter wp-image-1053\" src=\"https:\/\/vttdragon.com\/wp-content\/uploads\/2021\/11\/5-533x400.jpg\" alt=\"\" width=\"600\" height=\"450\" srcset=\"https:\/\/batdongsan8.vttagency.vn\/wp-content\/uploads\/2021\/11\/5-533x400.jpg 533w, https:\/\/batdongsan8.vttagency.vn\/wp-content\/uploads\/2021\/11\/5-768x576.jpg 768w, https:\/\/batdongsan8.vttagency.vn\/wp-content\/uploads\/2021\/11\/5-600x450.jpg 600w, https:\/\/batdongsan8.vttagency.vn\/wp-content\/uploads\/2021\/11\/5.jpg 960w\" sizes=\"(max-width: 600px) 100vw, 600px\" \/><\/p>\n<p><span style=\"color: #000000;\">T\u00f3m l\u1ea1i, khi b\u1ea1n quy\u1ebft \u0111\u1ecbnh \u0111\u1ea7u t\u01b0 trong l\u0129nh v\u1ef1c b\u1ea5t \u0111\u1ed9ng s\u1ea3n l\u00e0 s\u1eb5n s\u00e0ng \u0111\u01b0\u01a1ng \u0111\u1ea7u v\u1edbi nh\u1eefng th\u00e1ch th\u1ee9c l\u1edbn.<\/span><\/p>\n<p><strong><span style=\"color: #000000;\">Nh\u00e0 \u0111\u1ea7u t\u01b0 c\u1ea7n n\u1eafm r\u00f5 7 nguy\u00ean t\u1eafc \u0111\u01b0\u1ee3c t\u1ed5ng h\u1ee3p trong b\u00e0i<\/span><\/strong><\/p>\n<p><strong><span style=\"color: #000000;\">\u0110i\u1ec1u n\u00e0y gi\u00fap nh\u00e0 \u0111\u1ea7u t\u01b0 gi\u1ea3m thi\u1ec3u r\u1ee7i ro, \u0111\u1ea7u t\u01b0 an to\u00e0n hi\u1ec7u qu\u1ea3.<\/span><\/strong><\/p>\n<p><strong><span style=\"color: #000000;\"><span class=\"text\">Qu\u00fd Kh\u00e1ch H\u00e0ng mu\u1ed1n bi\u1ebft th\u00eam chi ti\u1ebft t\u1ea1i <\/span><a class=\"text-is-link\" style=\"color: #000000;\" target=\"_blank\" rel=\"noopener noreferrer\"><\/a><\/span><\/strong><\/p>\n<p><img loading=\"lazy\" class=\"aligncenter wp-image-1054\" src=\"https:\/\/vttdragon.com\/wp-content\/uploads\/2021\/11\/8-622x400.jpg\" alt=\"\" width=\"600\" height=\"386\" srcset=\"https:\/\/batdongsan8.vttagency.vn\/wp-content\/uploads\/2021\/11\/8-622x400.jpg 622w, https:\/\/batdongsan8.vttagency.vn\/wp-content\/uploads\/2021\/11\/8-768x494.jpg 768w, https:\/\/batdongsan8.vttagency.vn\/wp-content\/uploads\/2021\/11\/8-1244x800.jpg 1244w, https:\/\/batdongsan8.vttagency.vn\/wp-content\/uploads\/2021\/11\/8-600x386.jpg 600w\" sizes=\"(max-width: 600px) 100vw, 600px\" \/><\/p>\n<p style=\"text-align: center;\"><span style=\"color: #ff0000;\"><strong>Th\u00f4ng tin li\u00ean h\u1ec7:<\/strong><\/span><\/p>\n<p style=\"text-align: center;\"><span style=\"color: #ff0000;\"><strong>V\u0102N PH\u00d2NG GIAO D\u1ecaCH B\u1ea4T \u0110\u1ed8NG S\u1ea2N QUY\u1ebeT TR\u1ecaNH<\/strong><\/span><\/p>\n<p style=\"text-align: center;\"><span style=\"color: #ff0000;\"><strong>S\u0110T:0789 50 6668<\/strong><\/span><\/p>\n","protected":false},"excerpt":{"rendered":"<p>&nbsp;<\/p>\n<p>&nbsp;<\/p>\n<table style=\"border-collapse: collapse; width: 100%; height: 126px;\">\n<tbody>\n<tr style=\"height: 21px;\">\n<td style=\"width: 50%; height: 21px;\"><b>Gi\u00e1<\/b><\/td>\n<td style=\"width: 50%; height: 21px;\">3 t\u1ec9 900 tri\u1ec7u<\/td>\n<\/tr>\n<tr style=\"height: 21px;\">\n<td style=\"width: 50%; height: 21px;\"><b>Di\u1ec7n t\u00edch<\/b><\/td>\n<td style=\"width: 50%; height: 21px;\">3800m2<\/td>\n<\/tr>\n<tr style=\"height: 21px;\">\n<td style=\"width: 50%; height: 21px;\"><b>H\u01b0\u1edbng nh\u00e0<\/b><\/td>\n<td style=\"width: 50%; height: 21px;\">\u0110\u00f4ng , \u0110\u00f4ng B\u1eafc<\/td>\n<\/tr>\n<tr style=\"height: 21px;\">\n<td style=\"width: 50%; height: 21px;\"><b>Lo\u1ea1i B\u1ea5t \u0110\u1ed9ng S\u1ea3n:<\/b><\/td>\n<td style=\"width: 50%; height: 21px;\">\u0110\u1ea5t n\u1ec1n , Nh\u00e0 ri\u00eang<\/td>\n<\/tr>\n<tr style=\"height: 21px;\">\n<td style=\"width: 50%; height: 21px;\"><b>Khu v\u1ef1c<\/b><\/td>\n<td style=\"width: 50%; height: 21px;\">H\u1ea3i D\u01b0\u01a1ng<\/td>\n<\/tr>\n<tr style=\"height: 21px;\">\n<td style=\"width: 50%; height: 21px;\"><strong>T\u00ecnh tr\u1ea1ng<\/strong><\/td>\n<td style=\"width: 50%; height: 21px;\">M\u1edbi<\/td>\n<\/tr>\n<\/tbody>\n<\/table>\n<p>&nbsp;<\/p>\n","protected":false},"featured_media":1042,"comment_status":"open","ping_status":"closed","template":"","meta":[],"_links":{"self":[{"href":"https:\/\/batdongsan8.vttagency.vn\/index.php?rest_route=\/wp\/v2\/product\/1040"}],"collection":[{"href":"https:\/\/batdongsan8.vttagency.vn\/index.php?rest_route=\/wp\/v2\/product"}],"about":[{"href":"https:\/\/batdongsan8.vttagency.vn\/index.php?rest_route=\/wp\/v2\/types\/product"}],"replies":[{"embeddable":true,"href":"https:\/\/batdongsan8.vttagency.vn\/index.php?rest_route=%2Fwp%2Fv2%2Fcomments&post=1040"}],"wp:featuredmedia":[{"embeddable":true,"href":"https:\/\/batdongsan8.vttagency.vn\/index.php?rest_route=\/wp\/v2\/media\/1042"}],"wp:attachment":[{"href":"https:\/\/batdongsan8.vttagency.vn\/index.php?rest_route=%2Fwp%2Fv2%2Fmedia&parent=1040"}],"curies":[{"name":"wp","href":"https:\/\/api.w.org\/{rel}","templated":true}]}}