{"id":1072,"date":"2021-11-17T01:20:52","date_gmt":"2021-11-17T01:20:52","guid":{"rendered":"https:\/\/vttdragon.com\/?post_type=product&#038;p=1072"},"modified":"2023-04-20T07:30:24","modified_gmt":"2023-04-20T07:30:24","slug":"dat-tho-cu","status":"publish","type":"product","link":"https:\/\/batdongsan8.vttagency.vn\/?product=dat-tho-cu","title":{"rendered":"\u0110\u1ea5t th\u1ed5 c\u01b0"},"content":{"rendered":"<h2><strong>1\/\u0110\u1ea5t th\u1ed5 c\u01b0 l\u00e0 g\u00ec?<\/strong><\/h2>\n<p>\u0110\u1ea5t th\u1ed5 c\u01b0 l\u00e0 g\u00ec? \u0110\u1ea5t th\u1ed5 c\u01b0 l\u00e0 kh\u00e1i ni\u1ec7m ch\u1ec9 lo\u1ea1i \u0111\u1ea5t \u1edf. Theo nh\u1eefng quy \u0111\u1ecbnh c\u1ee7a ph\u00e1p lu\u1eadt \u0111\u1ea5t \u0111ai n\u0103m 2013 th\u00ec \u0111\u1ea5t th\u1ed5 c\u01b0 thu\u1ed9c nh\u00f3m \u0111\u1ea5t thu\u1ed9c \u0111\u1ea5t phi n\u00f4ng nghi\u1ec7p.<\/p>\n<p>\u0110\u1ea5t th\u1ed5 c\u01b0 l\u00e0 g\u00ec? \u0110\u1ea5t th\u1ed5 c\u01b0 l\u00e0 kh\u00e1i ni\u1ec7m ch\u1ec9 lo\u1ea1i \u0111\u1ea5t \u1edf.<\/p>\n<p>\u0110\u1ea5t th\u1ed5 c\u01b0 l\u00e0 g\u00ec? \u0110\u1ea5t th\u1ed5 c\u01b0 l\u00e0 kh\u00e1i ni\u1ec7m ch\u1ec9 lo\u1ea1i \u0111\u1ea5t \u1edf.<\/p>\n<p><img loading=\"lazy\" class=\"aligncenter size-medium wp-image-1063\" src=\"https:\/\/vttdragon.com\/wp-content\/uploads\/2021\/11\/1-2-600x400.jpg\" alt=\"\" width=\"600\" height=\"400\" srcset=\"https:\/\/batdongsan8.vttagency.vn\/wp-content\/uploads\/2021\/11\/1-2-600x400.jpg 600w, https:\/\/batdongsan8.vttagency.vn\/wp-content\/uploads\/2021\/11\/1-2-768x512.jpg 768w, https:\/\/batdongsan8.vttagency.vn\/wp-content\/uploads\/2021\/11\/1-2-1200x800.jpg 1200w\" sizes=\"(max-width: 600px) 100vw, 600px\" \/><\/p>\n<p>\u0110\u1ea5t th\u1ed5 c\u01b0 bao g\u1ed3m \u0111\u1ea5t th\u1ed5 c\u01b0 \u1edf \u0111\u00f4 th\u1ecb v\u00e0 \u0111\u1ea5t th\u1ed5 c\u01b0 \u1edf n\u00f4ng th\u00f4n. M\u1ed7i lo\u1ea1i \u0111\u1ea5t s\u1ebd c\u00f3 nh\u1eefng k\u00ed hi\u1ec7u ri\u00eang \u0111\u1ec3 d\u1ec5 nh\u1eadn bi\u1ebft. Trong \u0111\u00f3, \u0111\u1ea5t th\u1ed5 c\u01b0 \u0111\u00f4 th\u1ecb k\u00fd hi\u1ec7u l\u00e0 ODT v\u00e0 \u0111\u1ea5t th\u1ed5 c\u01b0 n\u00f4ng th\u00f4n \u0111\u01b0\u1ee3c k\u00fd hi\u1ec7u l\u00e0 ONT. C\u1ee5 th\u1ec3 nh\u01b0 sau:<\/p>\n<h3><strong># \u0110\u1ea5t th\u1ed5 c\u01b0 \u0111\u00f4 th\u1ecb \u2013 ODT<\/strong><\/h3>\n<p>\u0110\u1ea5t ODT ch\u00ednh l\u00e0 lo\u1ea1i \u0111\u1ea5t d\u00f9ng \u0111\u1ec3 x\u00e2y nh\u00e0 \u1edf ho\u1eb7c d\u00f9ng trong x\u00e2y d\u1ef1ng nh\u1eefng c\u00f4ng tr\u00ecnh ph\u1ee5c v\u1ee5 \u0111\u1eddi s\u1ed1ng c\u1ee7a c\u00e1c c\u01b0 d\u00e2n khu v\u1ef1c \u0111\u00f4 th\u1ecb. Hi\u1ec7n nay, ph\u00e1p lu\u1eadt quy \u0111\u1ecbnh kh\u00e1 r\u00f5 r\u00e0ng v\u1ec1 lu\u1eadt \u0111\u1ea5t \u0111ai, thu\u1ebf, h\u1ea1n m\u1ee9c s\u1eed<\/p>\n<p>d\u1ee5ng c\u0169ng nh\u01b0 nh\u1eefng quy \u0111\u1ecbnh v\u1ec1 c\u1ea5p gi\u1ea5y ph\u00e9p x\u00e2y d\u1ef1ng v\u1edbi lo\u1ea1i \u0111\u1ea5t ODT n\u00e0y.<\/p>\n<p><img loading=\"lazy\" class=\"aligncenter size-medium wp-image-1065\" src=\"https:\/\/vttdragon.com\/wp-content\/uploads\/2021\/11\/3-1-600x400.jpg\" alt=\"\" width=\"600\" height=\"400\" srcset=\"https:\/\/batdongsan8.vttagency.vn\/wp-content\/uploads\/2021\/11\/3-1-600x400.jpg 600w, https:\/\/batdongsan8.vttagency.vn\/wp-content\/uploads\/2021\/11\/3-1-768x512.jpg 768w, https:\/\/batdongsan8.vttagency.vn\/wp-content\/uploads\/2021\/11\/3-1.jpg 1200w\" sizes=\"(max-width: 600px) 100vw, 600px\" \/><\/p>\n<h3><strong># \u0110\u1ea5t \u1edf n\u00f4ng th\u00f4n \u2013 ONT<\/strong><\/h3>\n<p>\u0110\u1ea5t ONT l\u00e0 \u0111\u1ea5t th\u1ed5 c\u01b0 \u1edf khu v\u1ef1c n\u00f4ng th\u00f4n. Lo\u1ea1i \u0111\u1ea5t n\u00e0y \u0111\u01b0\u1ee3c s\u1eed d\u1ee5ng cho m\u1ee5c \u0111\u00edch x\u00e2y d\u1ef1ng nh\u00e0 \u1edf, c\u00e1c c\u00f4ng tr\u00ecnh \u0111\u1eddi s\u1ed1ng c\u1ee7a c\u01b0 d\u00e2n khu v\u1ef1c n\u00f4ng th\u00f4n. Ch\u00fang \u0111\u01b0\u1ee3c quy ho\u1ea1ch s\u1eed d\u1ee5ng \u0111\u1ea5t t\u1ea1i khu v\u1ef1c nh\u1ea5t<\/p>\n<p>\u0111\u1ecbnh d\u01b0\u1edbi nh\u1eefng c\u01a1 quan c\u00f3 th\u1ea9m quy\u1ec1n. So v\u1edbi \u0111\u1ea5t ODT th\u00ec \u0111\u1ea5t ONT c\u0169ng c\u00f3 nh\u1eefng kh\u00e1c bi\u1ec7t v\u1ec1 quy \u0111\u1ecbnh h\u1ea1n m\u1ee9c, thu\u1ebf nh\u00e0 \u0111\u1ea5t, \u0111i\u1ec1u ki\u1ec7n x\u00e2y d\u1ef1ng.<\/p>\n<p>\u0110\u1ea5t ONT l\u00e0 \u0111\u1ea5t th\u1ed5 c\u01b0 \u1edf khu v\u1ef1c n\u00f4ng th\u00f4n.<\/p>\n<p>\u0110\u1ea5t ONT l\u00e0 \u0111\u1ea5t th\u1ed5 c\u01b0 \u1edf khu v\u1ef1c n\u00f4ng th\u00f4n.<\/p>\n<p><img loading=\"lazy\" class=\"aligncenter size-medium wp-image-1065\" src=\"https:\/\/vttdragon.com\/wp-content\/uploads\/2021\/11\/3-1-600x400.jpg\" alt=\"\" width=\"600\" height=\"400\" srcset=\"https:\/\/batdongsan8.vttagency.vn\/wp-content\/uploads\/2021\/11\/3-1-600x400.jpg 600w, https:\/\/batdongsan8.vttagency.vn\/wp-content\/uploads\/2021\/11\/3-1-768x512.jpg 768w, https:\/\/batdongsan8.vttagency.vn\/wp-content\/uploads\/2021\/11\/3-1.jpg 1200w\" sizes=\"(max-width: 600px) 100vw, 600px\" \/><\/p>\n<h2><strong>2\/Ph\u00e2n bi\u1ec7t \u0111\u1ea5t th\u1ed5 c\u01b0 v\u00e0 \u0111\u1ea5t n\u00f4ng nghi\u1ec7p<\/strong><\/h2>\n<p>\u0110\u1ea5t th\u1ed5 c\u01b0 l\u00e0 \u0111\u1ea5t phi n\u00f4ng nghi\u1ec7p. Ng\u01b0\u1eddi d\u00e2n \u0111\u01b0\u1ee3c ph\u00e9p x\u00e2y d\u1ef1ng nh\u00e0 \u1edf v\u00e0 c\u00e1c c\u00f4ng tr\u00ecnh d\u00e2n d\u1ee5ng theo quy \u0111\u1ecbnh c\u1ee7a ph\u00e1p lu\u1eadt.<\/p>\n<p>Ng\u01b0\u1ee3c l\u1ea1i, \u0111\u1ea5t n\u00f4ng nghi\u1ec7p (\u0111\u1ea5t th\u1ed5 canh) l\u00e0 lo\u1ea1i \u0111\u1ea5t ch\u1ec9 \u0111\u01b0\u1ee3c ph\u00e9p s\u1eed d\u1ee5ng v\u00e0o m\u1ee5c \u0111\u00edch s\u1ea3n xu\u1ea5t, l\u00e0m n\u00f4ng nghi\u1ec7p. V\u00ed d\u1ee5 nh\u01b0 tr\u1ed3ng c\u00e2y hoa m\u00e0u, nu\u00f4i tr\u1ed3ng th\u1ee7y h\u1ea3i s\u1ea3n, s\u1ea3n xu\u1ea5t l\u01b0\u01a1ng th\u1ef1c th\u1ef1c ph\u1ea9m,\u2026. Ng\u01b0\u1ee3c<\/p>\n<p>v\u1edbi nh\u1eefng lo\u1ea1i \u0111\u1ea5t th\u1ed5 c\u01b0. \u0110\u1ea5t n\u00f4ng nghi\u1ec7p kh\u00f4ng \u0111\u01b0\u1ee3c ph\u00e9p x\u00e2y d\u1ef1ng nh\u00e0 \u1edf v\u00e0 c\u00e1c c\u00f4ng tr\u00ecnh d\u00e2n d\u1ee5ng. N\u1ebfu mu\u1ed1n x\u00e2y d\u1ef1ng ch\u1ee7 s\u1edf h\u1eefu \u0111\u1ea5t \u0111\u00f3 ph\u1ea3i \u0111\u0103ng k\u00fd chuy\u1ec3n m\u1ee5c \u0111\u00edch sang \u0111\u1ea5t th\u1ed5 c\u01b0 m\u1edbi x\u00e2y d\u1ef1ng h\u1ee3p<\/p>\n<p>ph\u00e1p \u0111\u01b0\u1ee3c.<\/p>\n<p><img loading=\"lazy\" class=\"aligncenter size-medium wp-image-1066\" src=\"https:\/\/vttdragon.com\/wp-content\/uploads\/2021\/11\/4-708x400.jpg\" alt=\"\" width=\"708\" height=\"400\" srcset=\"https:\/\/batdongsan8.vttagency.vn\/wp-content\/uploads\/2021\/11\/4-708x400.jpg 708w, https:\/\/batdongsan8.vttagency.vn\/wp-content\/uploads\/2021\/11\/4-768x434.jpg 768w, https:\/\/batdongsan8.vttagency.vn\/wp-content\/uploads\/2021\/11\/4-600x339.jpg 600w, https:\/\/batdongsan8.vttagency.vn\/wp-content\/uploads\/2021\/11\/4.jpg 1000w\" sizes=\"(max-width: 708px) 100vw, 708px\" \/><\/p>\n<h2><strong>3\/\u0110i\u1ec1u ki\u1ec7n \u0111\u1ec3 chuy\u1ec3n \u0111\u1ea5t v\u01b0\u1eddn th\u00e0nh \u0111\u1ea5t th\u1ed5 c\u01b0<\/strong><\/h2>\n<p>Sau khi \u0111\u00e3 n\u1eafm r\u00f5 kh\u00e1i ni\u1ec7m v\u1ec1 \u0111\u1ea5t n\u1ec1n th\u1ed5 c\u01b0 l\u00e0 g\u00ec v\u00e0 th\u1ed5 c\u01b0 \u0111\u1ea5t l\u00e0 g\u00ec m\u00e0 ch\u00fang t\u00f4i chia s\u1ebb b\u00ean tr\u00ean b\u1ea1n c\u0169ng c\u1ea7n c\u1eadp nh\u1eadt th\u00eam nh\u1eefng th\u00f4ng tin v\u1ec1 \u0111i\u1ec1u ki\u1ec7n chuy\u1ec3n \u0111\u1ed5i \u0111\u1ea5t v\u01b0\u1eddn, \u0111\u1ea5t th\u1ed5 canh sang \u0111\u1ea5t th\u1ed5 c\u01b0.<\/p>\n<h3><strong># Chuy\u1ec3n m\u1ee5c \u0111\u00edch s\u1eed d\u1ee5ng \u0111\u1ea5t<\/strong><\/h3>\n<p>Th\u01b0\u1eddng th\u00ec vi\u1ec7c chuy\u1ec3n \u0111\u1ed5i m\u1ee5c \u0111\u00edch s\u1eed d\u1ee5ng \u0111\u1ea5t s\u1ebd g\u1ed3m c\u00e1c lo\u1ea1i h\u00ecnh chuy\u1ec3n \u0111\u1ed5i sau:<\/p>\n<p>Chuy\u1ec3n m\u1ee5c \u0111\u00edch s\u1eed d\u1ee5ng \u0111\u1ea5t n\u00f4ng nghi\u1ec7p sang \u0111\u1ea5t \u1edf;<\/p>\n<p>Chuy\u1ec3n \u0111\u1ea5t phi n\u00f4ng nghi\u1ec7p kh\u00f4ng ph\u1ea3i \u0111\u00f3ng thu\u1ebf sang lo\u1ea1i c\u00f3 \u0111\u00f3ng thu\u1ebf;<\/p>\n<p>Chuy\u1ec3n \u0111\u1ea5t phi n\u00f4ng nghi\u1ec7p kh\u00f4ng ph\u1ea3i \u0111\u1ea5t \u1edf sang \u0111\u1ea5t \u1edf;<\/p>\n<p>\u0110i\u1ec1u ki\u1ec7n \u0111\u1ec3 chuy\u1ec3n \u0111\u1ea5t v\u01b0\u1eddn th\u00e0nh \u0111\u1ea5t th\u1ed5 c\u01b0 kh\u00f4ng qu\u00e1 ph\u1ee9c t\u1ea1p.<\/p>\n<p>\u0110i\u1ec1u ki\u1ec7n \u0111\u1ec3 chuy\u1ec3n \u0111\u1ea5t v\u01b0\u1eddn th\u00e0nh \u0111\u1ea5t th\u1ed5 c\u01b0 kh\u00f4ng qu\u00e1 ph\u1ee9c t\u1ea1p.<\/p>\n<p><img loading=\"lazy\" class=\"aligncenter size-medium wp-image-1067\" src=\"https:\/\/vttdragon.com\/wp-content\/uploads\/2021\/11\/5-1-678x400.jpg\" alt=\"\" width=\"678\" height=\"400\" srcset=\"https:\/\/batdongsan8.vttagency.vn\/wp-content\/uploads\/2021\/11\/5-1-678x400.jpg 678w, https:\/\/batdongsan8.vttagency.vn\/wp-content\/uploads\/2021\/11\/5-1-768x453.jpg 768w, https:\/\/batdongsan8.vttagency.vn\/wp-content\/uploads\/2021\/11\/5-1-600x354.jpg 600w, https:\/\/batdongsan8.vttagency.vn\/wp-content\/uploads\/2021\/11\/5-1.jpg 1200w\" sizes=\"(max-width: 678px) 100vw, 678px\" \/><\/p>\n<h3><strong># Chu\u1ea9n b\u1ecb h\u1ed3 s\u01a1 \u0111\u1ec3 chuy\u1ec3n \u0111\u1ed5i m\u1ee5c \u0111\u00edch s\u1eed d\u1ee5ng \u0111\u1ea5t<\/strong><\/h3>\n<p>\u0110\u1ec3 chuy\u1ec3n \u0111\u1ed5i m\u1ee5c \u0111\u00edch s\u1eed d\u1ee5ng \u0111\u1ea5t b\u1ea1n c\u1ea7n chu\u1ea9n b\u1ecb h\u1ed3 s\u01a1. H\u1ed3 s\u01a1 chuy\u1ec3n \u0111\u1ed5i s\u1ebd g\u1ed3m nh\u1eefng lo\u1ea1i gi\u1ea5y t\u1edd, th\u1ee7 t\u1ee5c sau \u0111\u00e2y:<\/p>\n<p>\u0110\u01a1n \u0111\u0103ng k\u00fd bi\u1ebfn \u0111\u1ed9ng \u0111\u1ea5t \u0111ai, t\u00e0i s\u1ea3n g\u1eafn li\u1ec1n v\u1edbi \u0111\u1ea5t theo M\u1eabu s\u1ed1 09\/\u0110K ban h\u00e0nh k\u00e8m Th\u00f4ng t\u01b0 s\u1ed1 24\/2014\/TT-BTNMT;<\/p>\n<p>Gi\u1ea5y ch\u1ee9ng nh\u1eadn quy\u1ec1n s\u1eed d\u1ee5ng \u0111\u1ea5t (s\u1ed5 \u0111\u1ecf);<\/p>\n<p>Gi\u1ea5y ch\u1ee9ng nh\u1eadn quy\u1ec1n s\u1eed d\u1ee5ng \u0111\u1ea5t, quy\u1ec1n s\u1edf h\u1eefu nh\u00e0 \u1edf v\u00e0 t\u00e0i s\u1ea3n kh\u00e1c g\u1eafn li\u1ec1n v\u1edbi \u0111\u1ea5t;<\/p>\n<p>Gi\u1ea5y ch\u1ee9ng nh\u1eadn quy\u1ec1n s\u1edf h\u1eefu nh\u00e0 \u1edf v\u00e0 quy\u1ec1n s\u1eed d\u1ee5ng \u0111\u1ea5t \u1edf.<\/p>\n<p><img loading=\"lazy\" class=\"aligncenter size-medium wp-image-1068\" src=\"https:\/\/vttdragon.com\/wp-content\/uploads\/2021\/11\/6-1-711x400.jpg\" alt=\"\" width=\"711\" height=\"400\" srcset=\"https:\/\/batdongsan8.vttagency.vn\/wp-content\/uploads\/2021\/11\/6-1-711x400.jpg 711w, https:\/\/batdongsan8.vttagency.vn\/wp-content\/uploads\/2021\/11\/6-1-768x432.jpg 768w, https:\/\/batdongsan8.vttagency.vn\/wp-content\/uploads\/2021\/11\/6-1-1400x788.jpg 1400w, https:\/\/batdongsan8.vttagency.vn\/wp-content\/uploads\/2021\/11\/6-1-600x338.jpg 600w, https:\/\/batdongsan8.vttagency.vn\/wp-content\/uploads\/2021\/11\/6-1.jpg 1920w\" sizes=\"(max-width: 711px) 100vw, 711px\" \/><\/p>\n<p><strong><span style=\"color: #000000;\"><span class=\"text\">Qu\u00fd Kh\u00e1ch H\u00e0ng mu\u1ed1n bi\u1ebft th\u00eam chi ti\u1ebft t\u1ea1i <\/span><a class=\"text-is-link\" style=\"color: #000000;\" target=\"_blank\" rel=\"noopener noreferrer\"><\/a><\/span><\/strong><\/p>\n<p><img loading=\"lazy\" class=\"aligncenter wp-image-1054\" src=\"https:\/\/vttdragon.com\/wp-content\/uploads\/2021\/11\/8-622x400.jpg\" alt=\"\" width=\"600\" height=\"386\" srcset=\"https:\/\/batdongsan8.vttagency.vn\/wp-content\/uploads\/2021\/11\/8-622x400.jpg 622w, https:\/\/batdongsan8.vttagency.vn\/wp-content\/uploads\/2021\/11\/8-768x494.jpg 768w, https:\/\/batdongsan8.vttagency.vn\/wp-content\/uploads\/2021\/11\/8-1244x800.jpg 1244w, https:\/\/batdongsan8.vttagency.vn\/wp-content\/uploads\/2021\/11\/8-600x386.jpg 600w\" sizes=\"(max-width: 600px) 100vw, 600px\" \/><\/p>\n<p style=\"text-align: center;\"><span style=\"color: #ff0000;\"><strong>Th\u00f4ng tin li\u00ean h\u1ec7:<\/strong><\/span><\/p>\n<p style=\"text-align: center;\"><span style=\"color: #ff0000;\"><strong>V\u0102N PH\u00d2NG GIAO D\u1ecaCH B\u1ea4T \u0110\u1ed8NG S\u1ea2N QUY\u1ebeT TR\u1ecaNH<\/strong><\/span><\/p>\n<p style=\"text-align: center;\"><span style=\"color: #ff0000;\"><strong>S\u0110T:\u00a00789 50 6668<\/strong><\/span><\/p>\n<p>&nbsp;<\/p>\n<p>&nbsp;<\/p>\n","protected":false},"excerpt":{"rendered":"<p>1\/\u0110\u1ea5t th\u1ed5 c\u01b0 l\u00e0 g\u00ec? \u0110\u1ea5t th\u1ed5 c\u01b0 l\u00e0 g\u00ec? \u0110\u1ea5t th\u1ed5 c\u01b0 l\u00e0 kh\u00e1i ni\u1ec7m ch\u1ec9 lo\u1ea1i \u0111\u1ea5t \u1edf. Theo nh\u1eefng quy \u0111\u1ecbnh c\u1ee7a ph\u00e1p lu\u1eadt \u0111\u1ea5t \u0111ai n\u0103m 2013 th\u00ec \u0111\u1ea5t th\u1ed5 c\u01b0 thu\u1ed9c nh\u00f3m \u0111\u1ea5t thu\u1ed9c \u0111\u1ea5t phi n\u00f4ng nghi\u1ec7p. \u0110\u1ea5t th\u1ed5 c\u01b0 l\u00e0 g\u00ec? \u0110\u1ea5t th\u1ed5 c\u01b0 l\u00e0 kh\u00e1i ni\u1ec7m ch\u1ec9 [&#8230;]\n","protected":false},"featured_media":1066,"comment_status":"open","ping_status":"closed","template":"","meta":[],"_links":{"self":[{"href":"https:\/\/batdongsan8.vttagency.vn\/index.php?rest_route=\/wp\/v2\/product\/1072"}],"collection":[{"href":"https:\/\/batdongsan8.vttagency.vn\/index.php?rest_route=\/wp\/v2\/product"}],"about":[{"href":"https:\/\/batdongsan8.vttagency.vn\/index.php?rest_route=\/wp\/v2\/types\/product"}],"replies":[{"embeddable":true,"href":"https:\/\/batdongsan8.vttagency.vn\/index.php?rest_route=%2Fwp%2Fv2%2Fcomments&post=1072"}],"wp:featuredmedia":[{"embeddable":true,"href":"https:\/\/batdongsan8.vttagency.vn\/index.php?rest_route=\/wp\/v2\/media\/1066"}],"wp:attachment":[{"href":"https:\/\/batdongsan8.vttagency.vn\/index.php?rest_route=%2Fwp%2Fv2%2Fmedia&parent=1072"}],"curies":[{"name":"wp","href":"https:\/\/api.w.org\/{rel}","templated":true}]}}