{"id":1074,"date":"2021-11-17T15:50:21","date_gmt":"2021-11-17T15:50:21","guid":{"rendered":"https:\/\/vttdragon.com\/?post_type=product&#038;p=1074"},"modified":"2023-04-20T07:31:29","modified_gmt":"2023-04-20T07:31:29","slug":"du-an-khu-dan-cu-tay-nam-sach-hai-duong","status":"publish","type":"product","link":"https:\/\/batdongsan8.vttagency.vn\/?product=du-an-khu-dan-cu-tay-nam-sach-hai-duong","title":{"rendered":"D\u1ef1 \u00c1n Khu D\u00e2n C\u01b0 T\u00e2y Nam S\u00e1ch H\u1ea3i D\u01b0\u01a1ng"},"content":{"rendered":"<h1><strong>D\u1ef1 \u00c1n Khu D\u00e2n C\u01b0 T\u00e2y Nam S\u00e1ch H\u1ea3i D\u01b0\u01a1ng<\/strong><\/h1>\n<h2><strong>\u0110\u1ea5t D\u1ef1 \u00c1n Nam S\u00e1ch H\u1ea3i D\u01b0\u01a1ng<\/strong><\/h2>\n<div class=\"o9v6fnle cxmmr5t8 oygrvhab hcukyx3x c1et5uql ii04i59q\">\n<div dir=\"auto\"><strong>Gi\u1edbi thi\u1ec7u d\u1ef1 \u00e1n Khu \u0110\u00f4 Th\u1ecb Ph\u00eda T\u00e2y Nam S\u00e1ch<\/strong><\/div>\n<\/div>\n<div class=\"o9v6fnle cxmmr5t8 oygrvhab hcukyx3x c1et5uql ii04i59q\">\n<div dir=\"auto\"><em>D\u1ef1 \u00e1n khu d\u00e2n c\u01b0 ph\u00eda T\u00e2y Nam S\u00e1ch &#8211; H\u1ea3i D\u01b0\u01a1ng<\/em><\/div>\n<\/div>\n<div class=\"o9v6fnle cxmmr5t8 oygrvhab hcukyx3x c1et5uql ii04i59q\">\n<div dir=\"auto\">\u00a0<strong>T\u00ean d\u1ef1 \u00e1n:<\/strong> <em>Khu d\u00e2n c\u01b0 m\u01a1\u0301i phi\u0301a T\u00e2y thi\u0323 tr\u00e2\u0301n Nam Sa\u0301ch<\/em><\/div>\n<\/div>\n<div class=\"o9v6fnle cxmmr5t8 oygrvhab hcukyx3x c1et5uql ii04i59q\">\n<div dir=\"auto\"><strong> V\u1ecb tr\u00ed:<\/strong> <em>Th\u1ecb tr\u1ea5n Nam S\u00e1ch, huy\u1ec7n Nam S\u00e1ch, t\u1ec9nh H\u1ea3i D\u01b0\u01a1ng<\/em> <strong>Ch\u1ee7 \u0111\u1ea7u t\u01b0:<\/strong> Li\u00ean danh C\u00f4ng ty TNHH Ho\u00e0ng Thanh v\u00e0 C\u00f4ng ty TNHH T\u1eadp \u0111o\u00e0n H\u01b0ng Th\u1ecbnh (Li\u00ean danh Ho\u00e0ng Thanh \u2013 H\u01b0ng Th\u1ecbnh)<\/div>\n<div dir=\"auto\"><img loading=\"lazy\" class=\"alignnone size-medium wp-image-1053\" src=\"https:\/\/vttdragon.com\/wp-content\/uploads\/2021\/11\/5-533x400.jpg\" alt=\"\" width=\"533\" height=\"400\" srcset=\"https:\/\/batdongsan8.vttagency.vn\/wp-content\/uploads\/2021\/11\/5-533x400.jpg 533w, https:\/\/batdongsan8.vttagency.vn\/wp-content\/uploads\/2021\/11\/5-768x576.jpg 768w, https:\/\/batdongsan8.vttagency.vn\/wp-content\/uploads\/2021\/11\/5-600x450.jpg 600w, https:\/\/batdongsan8.vttagency.vn\/wp-content\/uploads\/2021\/11\/5.jpg 960w\" sizes=\"(max-width: 533px) 100vw, 533px\" \/><\/div>\n<\/div>\n<div class=\"o9v6fnle cxmmr5t8 oygrvhab hcukyx3x c1et5uql ii04i59q\">\n<div dir=\"auto\"><strong>\u0110\u01a1n vi\u0323 t\u01b0 v\u00e2\u0301n:<\/strong> C\u00f4ng ty c\u00f4\u0309 ph\u00e2\u0300n \u0111\u00e2\u0300u t\u01b0 va\u0300 x\u00e2y d\u01b0\u0323ng Hoa\u0300ng Minh<\/div>\n<div dir=\"auto\"><img loading=\"lazy\" class=\"alignnone size-medium wp-image-1042\" src=\"https:\/\/vttdragon.com\/wp-content\/uploads\/2021\/11\/1-533x400.jpg\" alt=\"\" width=\"533\" height=\"400\" srcset=\"https:\/\/batdongsan8.vttagency.vn\/wp-content\/uploads\/2021\/11\/1-533x400.jpg 533w, https:\/\/batdongsan8.vttagency.vn\/wp-content\/uploads\/2021\/11\/1-768x576.jpg 768w, https:\/\/batdongsan8.vttagency.vn\/wp-content\/uploads\/2021\/11\/1-600x450.jpg 600w, https:\/\/batdongsan8.vttagency.vn\/wp-content\/uploads\/2021\/11\/1.jpg 960w\" sizes=\"(max-width: 533px) 100vw, 533px\" \/><\/div>\n<\/div>\n<div class=\"o9v6fnle cxmmr5t8 oygrvhab hcukyx3x c1et5uql ii04i59q\">\n<div dir=\"auto\">\u00a0<strong>Quy m\u00f4:<\/strong> 40ha<\/div>\n<\/div>\n<div class=\"o9v6fnle cxmmr5t8 oygrvhab hcukyx3x c1et5uql ii04i59q\">\n<div dir=\"auto\"><strong>D\u00e2n s\u1ed1 d\u1ef1 ki\u1ebfn:<\/strong> 5.280 ng\u01b0\u1eddi.<\/div>\n<\/div>\n<div class=\"o9v6fnle cxmmr5t8 oygrvhab hcukyx3x c1et5uql ii04i59q\">\n<div dir=\"auto\"><strong>T\u00f4\u0309ng m\u01b0\u0301c \u0111\u00e2\u0300u t\u01b0<\/strong>: 663,7 ty\u0309 \u0111\u00f4\u0300ng<\/div>\n<div dir=\"auto\"><img loading=\"lazy\" class=\"alignnone size-medium wp-image-1049\" src=\"https:\/\/vttdragon.com\/wp-content\/uploads\/2021\/11\/6-724x400.jpg\" alt=\"\" width=\"724\" height=\"400\" srcset=\"https:\/\/batdongsan8.vttagency.vn\/wp-content\/uploads\/2021\/11\/6-724x400.jpg 724w, https:\/\/batdongsan8.vttagency.vn\/wp-content\/uploads\/2021\/11\/6-768x424.jpg 768w, https:\/\/batdongsan8.vttagency.vn\/wp-content\/uploads\/2021\/11\/6-600x331.jpg 600w, https:\/\/batdongsan8.vttagency.vn\/wp-content\/uploads\/2021\/11\/6.jpg 956w\" sizes=\"(max-width: 724px) 100vw, 724px\" \/><\/div>\n<\/div>\n<div class=\"o9v6fnle cxmmr5t8 oygrvhab hcukyx3x c1et5uql ii04i59q\">\n<div dir=\"auto\">Lo\u1ea1i h\u00ecnh ph\u00e1t tri\u1ec3n: nh\u00e0 \u1edf bi\u1ec7t th\u1ef1, nh\u00e0 ph\u1ed1 kinh doanh, nh\u00e0 \u1edf li\u1ec1n k\u1ec1<\/div>\n<\/div>\n<div class=\"o9v6fnle cxmmr5t8 oygrvhab hcukyx3x c1et5uql ii04i59q\">\n<div dir=\"auto\"><strong>Ti\u1ec7n \u00edch:<\/strong> c\u01a1 quan ha\u0300nh chi\u0301nh, tr\u01b0\u01a1\u0300ng ho\u0323c, c\u00f4ng vi\u00ean c\u00e2y xanh, trung t\u00e2m th\u01b0\u01a1ng ma\u0323i, trung t\u00e2m gia\u0309i tri\u0301..<\/div>\n<\/div>\n<div class=\"o9v6fnle cxmmr5t8 oygrvhab hcukyx3x c1et5uql ii04i59q\">\n<div dir=\"auto\">\u00a0<strong>D\u1ef1 \u00e1n ph\u00eda T\u00e2y Nam S\u00e1ch<\/strong> c\u1ee7a Li\u00ean Danh Ho\u00e0ng Thanh \u2013 H\u01b0ng Th\u1ecbnh \u0111\u01b0\u1ee3c quy ho\u1ea1ch 40 ha thu\u1ed9c ph\u00eda T\u00e2y Nam S\u00e1ch \u2013 t\u1ec9nh H\u1ea3i D\u01b0\u01a1ng. Ph\u00eda \u0110\u00d4ng gi\u00e1p v\u1edbi \u0111\u01b0\u1eddng Tr\u1ea7n Ph\u00fa (\u0111\u01b0\u1eddng t\u1ec9nh 390), khu d\u00e2n c\u01b0 v\u00e0 c\u00f4ng tr\u00ecnh c\u00f4ng c\u1ed9ng hi\u1ec7n c\u00f3, ph\u00eda T\u00e2y gi\u00e1p khu d\u00e2n c\u01b0 v\u00e0 ru\u1ed9ng canh t\u00e1c c\u1ee7a x\u00e3 Nam H\u1ed3ng, Ph\u00eda B\u1eafc v\u00e0 Ph\u00eda Nam gi\u00e1p v\u1edbi c\u00e1c khu d\u00e2n c\u01b0, ru\u1ed9ng canh t\u00e1c, c\u00f4ng tr\u00ecnh c\u00f4ng c\u1ed9ng, \u0111\u01b0\u1eddng giao th\u00f4ng hi\u1ec7n c\u00f3.<\/div>\n<\/div>\n<div class=\"o9v6fnle cxmmr5t8 oygrvhab hcukyx3x c1et5uql ii04i59q\">\n<div dir=\"auto\">Theo c\u01a1 c\u1ea5u s\u1eed d\u1ee5ng \u0111\u1ea5t trong khu v\u1ef1c nghi\u00ean c\u1ee9u 40ha th\u00ec c\u00f3 13,2ha l\u00e0 \u0111\u1ea5t \u1edf (33,02%). Trong \u0111\u00f3 c\u00f3 \u0111\u1ea5t \u1edf li\u1ec1n k\u1ec1, \u0111\u1ea5t \u1edf bi\u1ec7t th\u1ef1.<\/div>\n<div dir=\"auto\">C\u00f2n l\u1ea1i l\u00e0 \u0111\u1ea5t th\u01b0\u01a1ng m\u1ea1i d\u1ecbch v\u1ee5; \u0111\u1ea5t c\u00f4ng c\u1ed9ng, c\u01a1 quan; c\u00f4ng vi\u00ean c\u00e2y xanh, m\u1eb7t n\u01b0\u1edbc, th\u1ec3 d\u1ee5c th\u1ec3 thao; \u0111\u01b0\u1eddng giao th\u00f4ng v\u00e0 h\u1ea1 t\u1ea7ng k\u1ef9 thu\u1eadt&#8230;<\/div>\n<\/div>\n<div class=\"o9v6fnle cxmmr5t8 oygrvhab hcukyx3x c1et5uql ii04i59q\">\n<div dir=\"auto\">\u0110\u01b0\u1eddng giao th\u00f4ng ch\u00ednh l\u00e0 tr\u1ee5c b\u1eafc &#8211; nam r\u1ed9ng 35 m, t\u1ea1o \u0111\u01b0\u1eddng tr\u00e1nh \u0111\u1ec3 gi\u1ea3m l\u01b0u l\u01b0\u1ee3ng giao th\u00f4ng cho \u0111\u01b0\u1eddng t\u1ec9nh 390, \u0111\u1ed3ng th\u1eddi n\u1ed1i th\u00f4ng v\u1ec1 ph\u00eda nam k\u00eanh Chu \u0110\u1eadu b\u1eb1ng 1 c\u1ea7u m\u1edbi r\u1ed9ng 20,5 m. C\u00e1c \u0111\u01b0\u1eddng giao th\u00f4ng ph\u00e2n khu r\u1ed9ng t\u1eeb 17,5 &#8211; 24 m. C\u00e1c tuy\u1ebfn giao th\u00f4ng n\u1ed9i b\u1ed9 r\u1ed9ng t\u1eeb 9,5-15,5 m. H\u1ec7 th\u1ed1ng tho\u00e1t n\u01b0\u1edbc m\u01b0a \u0111\u01b0\u1ee3c thi\u1ebft k\u1ebf \u0111\u1ed9c l\u1eadp v\u1edbi c\u00e1c tuy\u1ebfn \u0111\u01b0\u1eddng \u1ed1ng thu gom n\u01b0\u1edbc th\u1ea3i. \u0110\u01b0\u1eddng tr\u1ee5c ch\u00ednh c\u1ea5p n\u01b0\u1edbc s\u1ea1ch c\u00f3 \u0111\u01b0\u1eddng k\u00ednh t\u1eeb 50 &#8211; 110 mm, c\u00f4ng su\u1ea5t c\u1ea5p 2.432 m3\/ng\u00e0y \u0111\u00eam. H\u1ec7 th\u1ed1ng \u0111\u01b0\u1eddng \u0111i\u1ec7n chi\u1ebfu s\u00e1ng, sinh ho\u1ea1t \u0111\u01b0\u1ee3c thi\u1ebft k\u1ebf ng\u1ea7m, v\u1edbi 7 tr\u1ea1m bi\u1ebfn \u00e1p c\u00f3 c\u00f4ng su\u1ea5t t\u1eeb 500-800 kVA.<\/div>\n<\/div>\n<div class=\"o9v6fnle cxmmr5t8 oygrvhab hcukyx3x c1et5uql ii04i59q\">\n<div dir=\"auto\">V\u0103n Ph\u00f2ng Giao D\u1ecbch B\u1ea5t \u0110\u1ed9ng S\u1ea3n Quy\u1ebft Tr\u1ecbnh.<\/div>\n<div dir=\"auto\">T\u1ea1i \u0110\u00e2y<img loading=\"lazy\" class=\"alignnone size-medium wp-image-1054\" src=\"https:\/\/vttdragon.com\/wp-content\/uploads\/2021\/11\/8-622x400.jpg\" alt=\"\" width=\"622\" height=\"400\" srcset=\"https:\/\/batdongsan8.vttagency.vn\/wp-content\/uploads\/2021\/11\/8-622x400.jpg 622w, https:\/\/batdongsan8.vttagency.vn\/wp-content\/uploads\/2021\/11\/8-768x494.jpg 768w, https:\/\/batdongsan8.vttagency.vn\/wp-content\/uploads\/2021\/11\/8-1244x800.jpg 1244w, https:\/\/batdongsan8.vttagency.vn\/wp-content\/uploads\/2021\/11\/8-600x386.jpg 600w\" sizes=\"(max-width: 622px) 100vw, 622px\" \/><\/div>\n<\/div>\n<div dir=\"auto\" style=\"text-align: center\"><\/div>\n<div dir=\"auto\" style=\"text-align: center\"><span style=\"color: #ff0000\"><strong>Th\u00f4ng tin li\u00ean h\u1ec7:<\/strong><\/span><\/div>\n<div dir=\"auto\">\n<p style=\"text-align: center\"><span style=\"color: #ff0000\"><strong>V\u0102N PH\u00d2NG GIAO D\u1ecaCH B\u1ea4T \u0110\u1ed8NG S\u1ea2N QUY\u1ebeT TR\u1ecaNH<\/strong><\/span><\/p>\n<p style=\"text-align: center\"><span style=\"color: #ff0000\"><strong>S\u0110T: 0789 50 6668<\/strong><\/span><\/p>\n<\/div>\n<h3><\/h3>\n<p>&nbsp;<\/p>\n","protected":false},"excerpt":{"rendered":"<table style=\"border-collapse: collapse;width: 100%;height: 189px\">\n<tbody>\n<tr style=\"height: 21px\">\n<td style=\"width: 50%;height: 21px\"><\/td>\n<td style=\"width: 50%;height: 21px\"><\/td>\n<\/tr>\n<tr style=\"height: 21px\">\n<td style=\"width: 50%;height: 21px\"><\/td>\n<td style=\"width: 50%;height: 21px\"><\/td>\n<\/tr>\n<tr style=\"height: 21px\">\n<td style=\"width: 50%;height: 21px\">Di\u1ec7n T\u00edch<\/td>\n<td style=\"width: 50%;height: 21px\">40ha<\/td>\n<\/tr>\n<tr style=\"height: 21px\">\n<td style=\"width: 50%;height: 21px\">v\u1ecb tr\u00ed<\/td>\n<td style=\"width: 50%;height: 21px\">Nam S\u00e1ch<\/td>\n<\/tr>\n<tr style=\"height: 21px\">\n<td style=\"width: 50%;height: 21px\">Khu V\u1ef1c<\/td>\n<td style=\"width: 50%;height: 21px\">H\u1ea3i D\u01b0\u01a1ng<\/td>\n<\/tr>\n<tr style=\"height: 21px\">\n<td style=\"width: 50%;height: 21px\">T\u00ecnh Tr\u1ea1ng<\/td>\n<td style=\"width: 50%;height: 21px\">S\u1eafp M\u1edf B\u00e1n<\/td>\n<\/tr>\n<tr style=\"height: 21px\">\n<td style=\"width: 50%;height: 21px\"><\/td>\n<td style=\"width: 50%;height: 21px\"><\/td>\n<\/tr>\n<tr style=\"height: 21px\">\n<td style=\"width: 50%;height: 21px\"><\/td>\n<td style=\"width: 50%;height: 21px\"><\/td>\n<\/tr>\n<tr style=\"height: 21px\">\n<td style=\"width: 50%;height: 21px\"><\/td>\n<td style=\"width: 50%;height: 21px\"><\/td>\n<\/tr>\n<\/tbody>\n<\/table>\n","protected":false},"featured_media":1057,"comment_status":"open","ping_status":"closed","template":"","meta":[],"_links":{"self":[{"href":"https:\/\/batdongsan8.vttagency.vn\/index.php?rest_route=\/wp\/v2\/product\/1074"}],"collection":[{"href":"https:\/\/batdongsan8.vttagency.vn\/index.php?rest_route=\/wp\/v2\/product"}],"about":[{"href":"https:\/\/batdongsan8.vttagency.vn\/index.php?rest_route=\/wp\/v2\/types\/product"}],"replies":[{"embeddable":true,"href":"https:\/\/batdongsan8.vttagency.vn\/index.php?rest_route=%2Fwp%2Fv2%2Fcomments&post=1074"}],"wp:featuredmedia":[{"embeddable":true,"href":"https:\/\/batdongsan8.vttagency.vn\/index.php?rest_route=\/wp\/v2\/media\/1057"}],"wp:attachment":[{"href":"https:\/\/batdongsan8.vttagency.vn\/index.php?rest_route=%2Fwp%2Fv2%2Fmedia&parent=1074"}],"curies":[{"name":"wp","href":"https:\/\/api.w.org\/{rel}","templated":true}]}}