{"id":1079,"date":"2021-11-18T08:33:53","date_gmt":"2021-11-18T08:33:53","guid":{"rendered":"https:\/\/vttdragon.com\/?post_type=product&#038;p=1079"},"modified":"2023-04-20T07:32:16","modified_gmt":"2023-04-20T07:32:16","slug":"ban-lo-dat-tai-tu-thong-dai-an-hai-duong","status":"publish","type":"product","link":"https:\/\/batdongsan8.vttagency.vn\/?product=ban-lo-dat-tai-tu-thong-dai-an-hai-duong","title":{"rendered":"B\u00e1n L\u00f4 \u0110\u1ea5t T\u1ea1i T\u1ee9 Th\u00f4ng \u0110\u1ea1i An H\u1ea3i D\u01b0\u01a1ng"},"content":{"rendered":"<h1><strong>B\u00e1n L\u00f4 \u0110\u1ea5t T\u1ea1i T\u1ee9 Th\u00f4ng \u0110\u1ea1i An H\u1ea3i D\u01b0\u01a1ng<\/strong><\/h1>\n<h2><strong>\u0110\u1ea5t Th\u1ed5 C\u01b0 \u1ede T\u1ee9 Th\u00f4ng \u0110\u1ea1i An<\/strong><\/h2>\n<p><strong>B\u00e1n l\u00f4 \u0111\u1ea5t t\u1ea1i t\u1ee9 th\u00f4ng \u0111\u1ea1i an h\u1ea3i d\u01b0\u01a1ng<\/strong><\/p>\n<p>Th\u1eeda \u0111\u1ea5t s\u1ed1: 179: t\u1edd b\u1ea3n \u0111\u1ed3 s\u1ed1 34<\/p>\n<p>\u0110\u1ecba ch\u1ec9 th\u1eeda \u0111\u1ea5t: T\u1ee9 Th\u00f4ng, T\u1ee9 Minh, TP. H\u1ea3i D\u01b0\u01a1ng<\/p>\n<p>Di\u1ec7n t\u00edch: 84,1m2<\/p>\n<p>\u0110\u1ea5t t\u1ea1i ng\u00f5 ph\u1ed1 tr\u1ea7n v\u0103n c\u1eadn, t\u1ee9 th\u00f4ng, c\u00e1ch m\u1eb7t \u0111\u01b0\u1eddng ch\u00ednh ch\u1ec9 v\u00e0i b\u01b0\u1edbc ch\u00e2n, v\u00e0 c\u00e1ch ch\u1ee3 200m<\/p>\n<p>&nbsp;<\/p>\n<p><img loading=\"lazy\" class=\"alignnone size-medium wp-image-1081\" src=\"https:\/\/vttdragon.com\/wp-content\/uploads\/2021\/11\/h7-800x389.jpg\" alt=\"\" width=\"800\" height=\"389\" srcset=\"https:\/\/batdongsan8.vttagency.vn\/wp-content\/uploads\/2021\/11\/h7-800x389.jpg 800w, https:\/\/batdongsan8.vttagency.vn\/wp-content\/uploads\/2021\/11\/h7-768x374.jpg 768w, https:\/\/batdongsan8.vttagency.vn\/wp-content\/uploads\/2021\/11\/h7-1400x681.jpg 1400w, https:\/\/batdongsan8.vttagency.vn\/wp-content\/uploads\/2021\/11\/h7-600x292.jpg 600w, https:\/\/batdongsan8.vttagency.vn\/wp-content\/uploads\/2021\/11\/h7.jpg 1835w\" sizes=\"(max-width: 800px) 100vw, 800px\" \/><img loading=\"lazy\" class=\"alignnone size-medium wp-image-1083\" src=\"https:\/\/vttdragon.com\/wp-content\/uploads\/2021\/11\/h9-400x400.jpg\" alt=\"\" width=\"400\" height=\"400\" srcset=\"https:\/\/batdongsan8.vttagency.vn\/wp-content\/uploads\/2021\/11\/h9-400x400.jpg 400w, https:\/\/batdongsan8.vttagency.vn\/wp-content\/uploads\/2021\/11\/h9-280x280.jpg 280w, https:\/\/batdongsan8.vttagency.vn\/wp-content\/uploads\/2021\/11\/h9-600x600.jpg 600w, https:\/\/batdongsan8.vttagency.vn\/wp-content\/uploads\/2021\/11\/h9-100x100.jpg 100w, https:\/\/batdongsan8.vttagency.vn\/wp-content\/uploads\/2021\/11\/h9.jpg 696w\" sizes=\"(max-width: 400px) 100vw, 400px\" \/><img loading=\"lazy\" class=\"alignnone size-medium wp-image-1084\" src=\"https:\/\/vttdragon.com\/wp-content\/uploads\/2021\/11\/h8-711x400.jpg\" alt=\"\" width=\"711\" height=\"400\" srcset=\"https:\/\/batdongsan8.vttagency.vn\/wp-content\/uploads\/2021\/11\/h8-711x400.jpg 711w, https:\/\/batdongsan8.vttagency.vn\/wp-content\/uploads\/2021\/11\/h8-768x432.jpg 768w, https:\/\/batdongsan8.vttagency.vn\/wp-content\/uploads\/2021\/11\/h8-1400x788.jpg 1400w, https:\/\/batdongsan8.vttagency.vn\/wp-content\/uploads\/2021\/11\/h8-600x338.jpg 600w, https:\/\/batdongsan8.vttagency.vn\/wp-content\/uploads\/2021\/11\/h8.jpg 1920w\" sizes=\"(max-width: 711px) 100vw, 711px\" \/><\/p>\n<div dir=\"auto\" style=\"text-align: center\"><span style=\"color: #ff0000\"><strong>Th\u00f4ng tin li\u00ean h\u1ec7:<\/strong><\/span><\/div>\n<div dir=\"auto\">\n<p style=\"text-align: center\"><span style=\"color: #ff0000\"><strong>V\u0102N PH\u00d2NG GIAO D\u1ecaCH B\u1ea4T \u0110\u1ed8NG S\u1ea2N QUY\u1ebeT TR\u1ecaNH<\/strong><\/span><\/p>\n<p style=\"text-align: center\"><span style=\"color: #ff0000\"><strong>S\u0110T:\u00a00789 50 6668<\/strong><\/span><\/p>\n<\/div>\n","protected":false},"excerpt":{"rendered":"<table style=\"border-collapse: collapse;width: 100%;height: 95px\">\n<tbody>\n<tr style=\"height: 74px\">\n<td style=\"width: 50%;height: 74px\">\n<table style=\"border-collapse: collapse;width: 100%\">\n<tbody>\n<tr>\n<td style=\"width: 50%\">Gi\u00e1 B\u00e1n<\/td>\n<td style=\"width: 50%\">1,5 t\u1ef7<\/td>\n<\/tr>\n<tr>\n<td style=\"width: 50%\">Di\u1ec7n T\u00edch<\/td>\n<td style=\"width: 50%\">84,1m2<\/td>\n<\/tr>\n<tr>\n<td style=\"width: 50%\">Lo\u1ea1i \u0110\u1ea5t<\/td>\n<td style=\"width: 50%\">\u0110\u1ea5t \u1edf L\u00e2u D\u00e0i<\/td>\n<\/tr>\n<\/tbody>\n<\/table>\n<\/td>\n<td style=\"width: 50%;height: 74px\"><\/td>\n<\/tr>\n<tr style=\"height: 21px\">\n<td style=\"width: 50%;height: 21px\">T\u00ecnh Tr\u1ea1ng: M\u1edbi<\/td>\n<td style=\"width: 50%;height: 21px\"><\/td>\n<\/tr>\n<\/tbody>\n<\/table>\n","protected":false},"featured_media":1084,"comment_status":"open","ping_status":"closed","template":"","meta":[],"_links":{"self":[{"href":"https:\/\/batdongsan8.vttagency.vn\/index.php?rest_route=\/wp\/v2\/product\/1079"}],"collection":[{"href":"https:\/\/batdongsan8.vttagency.vn\/index.php?rest_route=\/wp\/v2\/product"}],"about":[{"href":"https:\/\/batdongsan8.vttagency.vn\/index.php?rest_route=\/wp\/v2\/types\/product"}],"replies":[{"embeddable":true,"href":"https:\/\/batdongsan8.vttagency.vn\/index.php?rest_route=%2Fwp%2Fv2%2Fcomments&post=1079"}],"wp:featuredmedia":[{"embeddable":true,"href":"https:\/\/batdongsan8.vttagency.vn\/index.php?rest_route=\/wp\/v2\/media\/1084"}],"wp:attachment":[{"href":"https:\/\/batdongsan8.vttagency.vn\/index.php?rest_route=%2Fwp%2Fv2%2Fmedia&parent=1079"}],"curies":[{"name":"wp","href":"https:\/\/api.w.org\/{rel}","templated":true}]}}