{"id":1088,"date":"2021-11-20T01:34:57","date_gmt":"2021-11-20T01:34:57","guid":{"rendered":"https:\/\/vttdragon.com\/?post_type=product&#038;p=1088"},"modified":"2021-11-20T01:34:57","modified_gmt":"2021-11-20T01:34:57","slug":"ban-dat-tan-binh-tp-hai-duong","status":"publish","type":"product","link":"https:\/\/batdongsan8.vttagency.vn\/?product=ban-dat-tan-binh-tp-hai-duong","title":{"rendered":"B\u00e1n \u0110\u1ea5t T\u00e2n B\u00ecnh TP H\u1ea3i D\u01b0\u01a1ng"},"content":{"rendered":"<h1><strong>B\u00e1n Th\u1eeda \u0110\u1ea5t Khu V\u1ecbt C\u1ecf H\u1ed3 Sen T\u00e2n B\u00ecnh H\u1ea3i D\u01b0\u01a1ng<\/strong><\/h1>\n<h2><strong>C\u1ea7n Ti\u1ec1n B\u00e1n G\u1ea5p\u00a0<\/strong><\/h2>\n<p>C\u1ea7n b\u00e1n ngay th\u1eeda \u0111\u1ea5t s\u1ed1 375, l\u00f4 67.1-14 khu t\u00e2y, ph\u01b0\u1eddng T\u00e2n B\u00ecnh, TP H\u1ea3i D\u01b0\u01a1ng<\/p>\n<p>m\u1eb7t ti\u1ec1n r\u1ed9ng 4,50<\/p>\n<p>Chi\u1ec1u d\u00e0i 14,61<\/p>\n<p>T\u1ed5ng di\u1ec7n t\u00edch 65,73m2<\/p>\n<p>L\u00f2ng \u0111\u01b0\u1eddng r\u1ed9ng 5,5m<\/p>\n<p>V\u1ec9a h\u00e8 r\u1ed9ng 3m<\/p>\n<p>\u0110\u1ea5t n\u1eb1m ngay trung t\u00e2m Th\u00e0nh Ph\u1ed1, ph\u00f9 h\u1ee3p cho vi\u1ec7c \u0111i l\u1ea1i kinh doanh, v\u1ecb tr\u00ed tho\u00e1ng m\u00e1t<\/p>\n<p><img loading=\"lazy\" class=\"alignnone size-medium wp-image-1089\" src=\"https:\/\/vttdragon.com\/wp-content\/uploads\/2021\/11\/h10-537x400.jpg\" alt=\"\" width=\"537\" height=\"400\" srcset=\"https:\/\/batdongsan8.vttagency.vn\/wp-content\/uploads\/2021\/11\/h10-537x400.jpg 537w, https:\/\/batdongsan8.vttagency.vn\/wp-content\/uploads\/2021\/11\/h10-768x572.jpg 768w, https:\/\/batdongsan8.vttagency.vn\/wp-content\/uploads\/2021\/11\/h10-1075x800.jpg 1075w, https:\/\/batdongsan8.vttagency.vn\/wp-content\/uploads\/2021\/11\/h10-600x447.jpg 600w, https:\/\/batdongsan8.vttagency.vn\/wp-content\/uploads\/2021\/11\/h10.jpg 1080w\" sizes=\"(max-width: 537px) 100vw, 537px\" \/><\/p>\n","protected":false},"excerpt":{"rendered":"<table style=\"border-collapse: collapse;width: 100%\">\n<tbody>\n<tr>\n<td style=\"width: 14.2857%\">\n<table style=\"border-collapse: collapse;width: 100%;height: 210px\">\n<tbody>\n<tr style=\"height: 21px\">\n<td style=\"width: 50%;height: 21px\"><\/td>\n<td style=\"width: 50%;height: 21px\"><\/td>\n<\/tr>\n<tr style=\"height: 21px\">\n<td style=\"width: 50%;height: 21px\"><\/td>\n<td style=\"width: 50%;height: 21px\"><\/td>\n<\/tr>\n<tr style=\"height: 21px\">\n<td style=\"width: 50%;height: 21px\"><\/td>\n<td style=\"width: 50%;height: 21px\"><\/td>\n<\/tr>\n<tr style=\"height: 21px\">\n<td style=\"width: 50%;height: 21px\">G\u00eda B\u00e1n<\/td>\n<td style=\"width: 50%;height: 21px\">42tr\/1m2<\/td>\n<\/tr>\n<tr style=\"height: 21px\">\n<td style=\"width: 50%;height: 21px\">Di\u1ec7n T\u00edch<\/td>\n<td style=\"width: 50%;height: 21px\">65,73m2<\/td>\n<\/tr>\n<tr style=\"height: 21px\">\n<td style=\"width: 50%;height: 21px\">Khu V\u1ef1c<\/td>\n<td style=\"width: 50%;height: 21px\">H\u1ea3i D\u01b0\u01a1ng<\/td>\n<\/tr>\n<tr style=\"height: 21px\">\n<td style=\"width: 50%;height: 21px\">T\u00ecnh Tr\u1ea1ng<\/td>\n<td style=\"width: 50%;height: 21px\">C\u00f2n<\/td>\n<\/tr>\n<tr style=\"height: 21px\">\n<td style=\"width: 50%;height: 21px\"><\/td>\n<td style=\"width: 50%;height: 21px\"><\/td>\n<\/tr>\n<tr style=\"height: 21px\">\n<td style=\"width: 50%;height: 21px\"><\/td>\n<td style=\"width: 50%;height: 21px\"><\/td>\n<\/tr>\n<tr style=\"height: 21px\">\n<td style=\"width: 50%;height: 21px\"><\/td>\n<td style=\"width: 50%;height: 21px\"><\/td>\n<\/tr>\n<\/tbody>\n<\/table>\n<\/td>\n<td style=\"width: 14.2857%\"><\/td>\n<td style=\"width: 14.2857%\"><\/td>\n<td style=\"width: 14.2857%\"><\/td>\n<td style=\"width: 14.2857%\"><\/td>\n<td style=\"width: 14.2857%\"><\/td>\n<td style=\"width: 14.2857%\"><\/td>\n<\/tr>\n<tr>\n<td style=\"width: 14.2857%\"><\/td>\n<td style=\"width: 14.2857%\"><\/td>\n<td style=\"width: 14.2857%\"><\/td>\n<td style=\"width: 14.2857%\"><\/td>\n<td style=\"width: 14.2857%\"><\/td>\n<td style=\"width: 14.2857%\"><\/td>\n<td style=\"width: 14.2857%\"><\/td>\n<\/tr>\n<tr>\n<td style=\"width: 14.2857%\"><\/td>\n<td style=\"width: 14.2857%\"><\/td>\n<td style=\"width: 14.2857%\"><\/td>\n<td style=\"width: 14.2857%\"><\/td>\n<td style=\"width: 14.2857%\"><\/td>\n<td style=\"width: 14.2857%\"><\/td>\n<td style=\"width: 14.2857%\"><\/td>\n<\/tr>\n<tr>\n<td style=\"width: 14.2857%\"><\/td>\n<td style=\"width: 14.2857%\"><\/td>\n<td style=\"width: 14.2857%\"><\/td>\n<td style=\"width: 14.2857%\"><\/td>\n<td style=\"width: 14.2857%\"><\/td>\n<td style=\"width: 14.2857%\"><\/td>\n<td style=\"width: 14.2857%\"><\/td>\n<\/tr>\n<tr>\n<td style=\"width: 14.2857%\"><\/td>\n<td style=\"width: 14.2857%\"><\/td>\n<td style=\"width: 14.2857%\"><\/td>\n<td style=\"width: 14.2857%\"><\/td>\n<td style=\"width: 14.2857%\"><\/td>\n<td style=\"width: 14.2857%\"><\/td>\n<td style=\"width: 14.2857%\"><\/td>\n<\/tr>\n<tr>\n<td style=\"width: 14.2857%\"><\/td>\n<td style=\"width: 14.2857%\"><\/td>\n<td style=\"width: 14.2857%\"><\/td>\n<td style=\"width: 14.2857%\"><\/td>\n<td style=\"width: 14.2857%\"><\/td>\n<td style=\"width: 14.2857%\"><\/td>\n<td style=\"width: 14.2857%\"><\/td>\n<\/tr>\n<tr>\n<td style=\"width: 14.2857%\"><\/td>\n<td style=\"width: 14.2857%\"><\/td>\n<td style=\"width: 14.2857%\"><\/td>\n<td style=\"width: 14.2857%\"><\/td>\n<td style=\"width: 14.2857%\"><\/td>\n<td style=\"width: 14.2857%\"><\/td>\n<td style=\"width: 14.2857%\"><\/td>\n<\/tr>\n<tr>\n<td style=\"width: 14.2857%\"><\/td>\n<td style=\"width: 14.2857%\"><\/td>\n<td style=\"width: 14.2857%\"><\/td>\n<td style=\"width: 14.2857%\"><\/td>\n<td style=\"width: 14.2857%\"><\/td>\n<td style=\"width: 14.2857%\"><\/td>\n<td style=\"width: 14.2857%\"><\/td>\n<\/tr>\n<tr>\n<td style=\"width: 14.2857%\"><\/td>\n<td style=\"width: 14.2857%\"><\/td>\n<td style=\"width: 14.2857%\"><\/td>\n<td style=\"width: 14.2857%\"><\/td>\n<td style=\"width: 14.2857%\"><\/td>\n<td style=\"width: 14.2857%\"><\/td>\n<td style=\"width: 14.2857%\"><\/td>\n<\/tr>\n<tr>\n<td style=\"width: 14.2857%\"><\/td>\n<td style=\"width: 14.2857%\"><\/td>\n<td style=\"width: 14.2857%\"><\/td>\n<td style=\"width: 14.2857%\"><\/td>\n<td style=\"width: 14.2857%\"><\/td>\n<td style=\"width: 14.2857%\"><\/td>\n<td style=\"width: 14.2857%\"><\/td>\n<\/tr>\n<\/tbody>\n<\/table>\n","protected":false},"featured_media":1068,"comment_status":"open","ping_status":"closed","template":"","meta":[],"_links":{"self":[{"href":"https:\/\/batdongsan8.vttagency.vn\/index.php?rest_route=\/wp\/v2\/product\/1088"}],"collection":[{"href":"https:\/\/batdongsan8.vttagency.vn\/index.php?rest_route=\/wp\/v2\/product"}],"about":[{"href":"https:\/\/batdongsan8.vttagency.vn\/index.php?rest_route=\/wp\/v2\/types\/product"}],"replies":[{"embeddable":true,"href":"https:\/\/batdongsan8.vttagency.vn\/index.php?rest_route=%2Fwp%2Fv2%2Fcomments&post=1088"}],"wp:featuredmedia":[{"embeddable":true,"href":"https:\/\/batdongsan8.vttagency.vn\/index.php?rest_route=\/wp\/v2\/media\/1068"}],"wp:attachment":[{"href":"https:\/\/batdongsan8.vttagency.vn\/index.php?rest_route=%2Fwp%2Fv2%2Fmedia&parent=1088"}],"curies":[{"name":"wp","href":"https:\/\/api.w.org\/{rel}","templated":true}]}}