{"id":1108,"date":"2021-12-01T02:19:13","date_gmt":"2021-12-01T02:19:13","guid":{"rendered":"https:\/\/vttdragon.com\/?post_type=product&#038;p=1108"},"modified":"2023-04-20T07:35:18","modified_gmt":"2023-04-20T07:35:18","slug":"ban-dat-hon-hop-khu-do-thi-ford-hai-duong","status":"publish","type":"product","link":"https:\/\/batdongsan8.vttagency.vn\/?product=ban-dat-hon-hop-khu-do-thi-ford-hai-duong","title":{"rendered":"B\u00e1n \u0110\u1ea5t H\u1ed7n H\u1ee3p Khu \u0110\u00f4 Th\u1ecb Ford H\u1ea3i D\u01b0\u01a1ng"},"content":{"rendered":"<h1><strong>B\u00e1n M\u1ea3nh \u0110\u1ea5t H\u1ed7n H\u1ee3p K\u0110T Ford H\u1ea3i D\u01b0\u01a1ng<\/strong><\/h1>\n<h2><strong>\u0110\u1ea5t Kinh Doanh <\/strong><\/h2>\n<div dir=\"auto\">\u00a0<strong>\u1ede \u0110\u00c2U C\u00d3 C\u00d4NG NGHI\u1ec6P\u00a0\u1ede \u0110\u00d3 C\u00d3 TI\u1ec0M N\u0102NG<\/strong><\/div>\n<div dir=\"auto\">\u00a0<strong>\u0110\u1ea6U T\u01af C\u00c0NG S\u1edaM C\u01a0 H\u1ed8I \u0110\u1ebeN G\u1ea6N<\/strong><\/div>\n<div dir=\"auto\">ch\u00ednh ch\u1ee7 b\u00e1n l\u00f4 \u0111\u1ea5t th\u01b0\u01a1ng m\u1ea1i h\u1ed7n h\u1ee3p khu \u0111\u00f4 th\u1ecb ford m\u1eb7t \u0111\u01b0\u1eddng h\u01b0\u1edbng nam nh\u00ecn ra qu\u1ed1c l\u1ed9 5<\/div>\n<div dir=\"auto\">\u0110\u1ecba ch\u1ec9: , khu \u0111\u00f4 th\u1ecb ford, TP H\u1ea3i D\u01b0\u01a1ng<\/div>\n<div dir=\"auto\">Di\u1ec7n t\u00edch: : 566m2<\/div>\n<div dir=\"auto\">&#8211; ph\u00f9 h\u1ee3p\u00a0 v\u0103n ph\u00f2ng \u0111\u1ea1i di\u1ec7n c\u00f4ng ty , \u0111\u1ea1i l\u00fd g\u1ea1ch \u1ed1p l\u00e1t , kh\u00e1ch s\u1ea1n 3-4 sao , ph\u00f2ng kh\u00e1m \u0111a khoa , nh\u00e0 h\u00e0ng \u0103n u\u1ed1ng , bar karaoke<\/div>\n<div dir=\"auto\">( hi\u1ec7n t\u1ea1i e \u0111ang cho thu\u00ea.13tri\u1ec7u \/1thang )<\/div>\n<div dir=\"auto\"><span class=\"pq6dq46d tbxw36s4 knj5qynh kvgmc6g5 ditlmg2l oygrvhab nvdbi5me sf5mxxl7 gl3lb2sf hhz5lgdu\"><img loading=\"lazy\" src=\"https:\/\/static.xx.fbcdn.net\/images\/emoji.php\/v9\/tf2\/1.5\/16\/1f33a.png\" alt=\"?\" width=\"16\" height=\"16\" \/><\/span>&#8211; \u0110\u1ea7u t\u01b0 s\u1edbm gi\u00e1 s\u1ebd th\u1ea5p<\/div>\n<div dir=\"auto\"><span class=\"pq6dq46d tbxw36s4 knj5qynh kvgmc6g5 ditlmg2l oygrvhab nvdbi5me sf5mxxl7 gl3lb2sf hhz5lgdu\"><img loading=\"lazy\" src=\"https:\/\/static.xx.fbcdn.net\/images\/emoji.php\/v9\/tf2\/1.5\/16\/1f33a.png\" alt=\"?\" width=\"16\" height=\"16\" \/><\/span>&#8211; \u0110\u1ea7u t\u01b0 s\u1edbm s\u1ebd c\u00f3 v\u1ecb tr\u00ed \u0111\u1eb9p<\/div>\n<div dir=\"auto\"><span class=\"pq6dq46d tbxw36s4 knj5qynh kvgmc6g5 ditlmg2l oygrvhab nvdbi5me sf5mxxl7 gl3lb2sf hhz5lgdu\"><img loading=\"lazy\" src=\"https:\/\/static.xx.fbcdn.net\/images\/emoji.php\/v9\/tf2\/1.5\/16\/1f33a.png\" alt=\"?\" width=\"16\" height=\"16\" \/><\/span>&#8211; \u0110\u1ea7u t\u01b0 s\u1edbm b\u1ea1n s\u1ebd ko b\u1ecb ph\u00e1 l\u1ebb \u0111\u1ed3ng ti\u1ec1n t\u00edch g\u00f3p.<\/div>\n<div dir=\"auto\"><span class=\"pq6dq46d tbxw36s4 knj5qynh kvgmc6g5 ditlmg2l oygrvhab nvdbi5me sf5mxxl7 gl3lb2sf hhz5lgdu\"><img loading=\"lazy\" src=\"https:\/\/static.xx.fbcdn.net\/images\/emoji.php\/v9\/t9b\/1.5\/16\/2618.png\" alt=\"\u2618\ufe0f\" width=\"16\" height=\"16\" \/><\/span>&#8211; C\u01a1 h\u1ed9i n\u01b0\u1edbc \u0111\u1ea7u v\u1edbi kh\u00e1ch h\u00e0ng \u0111\u1ea7u t\u01b0<\/div>\n<div dir=\"auto\"><span class=\"pq6dq46d tbxw36s4 knj5qynh kvgmc6g5 ditlmg2l oygrvhab nvdbi5me sf5mxxl7 gl3lb2sf hhz5lgdu\"><img loading=\"lazy\" src=\"https:\/\/static.xx.fbcdn.net\/images\/emoji.php\/v9\/t9b\/1.5\/16\/2618.png\" alt=\"\u2618\ufe0f\" width=\"16\" height=\"16\" \/><\/span>&#8211; Ph\u00e1p l\u00fd r\u00f5 r\u00e0ng, th\u1ee7 t\u1ee5c nhanh ch\u00f3ng.<\/div>\n<div dir=\"auto\"><span class=\"pq6dq46d tbxw36s4 knj5qynh kvgmc6g5 ditlmg2l oygrvhab nvdbi5me sf5mxxl7 gl3lb2sf hhz5lgdu\"><img loading=\"lazy\" src=\"https:\/\/static.xx.fbcdn.net\/images\/emoji.php\/v9\/t9b\/1.5\/16\/2618.png\" alt=\"\u2618\ufe0f\" width=\"16\" height=\"16\" \/><\/span>&#8211; Ti\u1ec1m n\u0103ng l\u1edbn: Nh\u00e0 \u0110\u1ea5t lu\u00f4n t\u0103ng gi\u00e1 theo t\u00ecnh h\u00ecnh hi\u1ec7n t\u1ea1i chung c\u1ee7a B\u0110S c\u1ee7a khu v\u1ef1c, b\u1ea3o \u0111\u1ea3m sinh l\u1eddi!<\/div>\n<div dir=\"auto\"><img loading=\"lazy\" class=\"alignnone size-medium wp-image-1109\" src=\"https:\/\/vttdragon.com\/wp-content\/uploads\/2021\/12\/hh1-600x400.jpg\" alt=\"\" width=\"600\" height=\"400\" srcset=\"https:\/\/batdongsan8.vttagency.vn\/wp-content\/uploads\/2021\/12\/hh1-600x400.jpg 600w, https:\/\/batdongsan8.vttagency.vn\/wp-content\/uploads\/2021\/12\/hh1-768x512.jpg 768w, https:\/\/batdongsan8.vttagency.vn\/wp-content\/uploads\/2021\/12\/hh1.jpg 1200w\" sizes=\"(max-width: 600px) 100vw, 600px\" \/> <img loading=\"lazy\" class=\"alignnone size-medium wp-image-1110\" src=\"https:\/\/vttdragon.com\/wp-content\/uploads\/2021\/12\/hh2-300x400.jpg\" alt=\"\" width=\"300\" height=\"400\" srcset=\"https:\/\/batdongsan8.vttagency.vn\/wp-content\/uploads\/2021\/12\/hh2-300x400.jpg 300w, https:\/\/batdongsan8.vttagency.vn\/wp-content\/uploads\/2021\/12\/hh2-768x1025.jpg 768w, https:\/\/batdongsan8.vttagency.vn\/wp-content\/uploads\/2021\/12\/hh2-599x800.jpg 599w, https:\/\/batdongsan8.vttagency.vn\/wp-content\/uploads\/2021\/12\/hh2-600x801.jpg 600w, https:\/\/batdongsan8.vttagency.vn\/wp-content\/uploads\/2021\/12\/hh2.jpg 956w\" sizes=\"(max-width: 300px) 100vw, 300px\" \/><\/div>\n<div dir=\"auto\"><img loading=\"lazy\" class=\"alignnone size-medium wp-image-1111\" src=\"https:\/\/vttdragon.com\/wp-content\/uploads\/2021\/12\/hh3-300x400.jpg\" alt=\"\" width=\"300\" height=\"400\" srcset=\"https:\/\/batdongsan8.vttagency.vn\/wp-content\/uploads\/2021\/12\/hh3-300x400.jpg 300w, https:\/\/batdongsan8.vttagency.vn\/wp-content\/uploads\/2021\/12\/hh3-768x1024.jpg 768w, https:\/\/batdongsan8.vttagency.vn\/wp-content\/uploads\/2021\/12\/hh3-600x800.jpg 600w, https:\/\/batdongsan8.vttagency.vn\/wp-content\/uploads\/2021\/12\/hh3.jpg 960w\" sizes=\"(max-width: 300px) 100vw, 300px\" \/><\/div>\n<div dir=\"auto\">\n<div dir=\"auto\" style=\"text-align: center\"><span style=\"color: #ff0000\"><strong>Th\u00f4ng tin li\u00ean h\u1ec7:<\/strong><\/span><\/div>\n<div dir=\"auto\">\n<p style=\"text-align: center\"><span style=\"color: #ff0000\"><strong>V\u0102N PH\u00d2NG GIAO D\u1ecaCH B\u1ea4T \u0110\u1ed8NG S\u1ea2N QUY\u1ebeT TR\u1ecaNH<\/strong><\/span><\/p>\n<p style=\"text-align: center\"><span style=\"color: #ff0000\"><strong>S\u0110T:\u00a0 0789 50 6668<\/strong><\/span><\/p>\n<\/div>\n<\/div>\n","protected":false},"excerpt":{"rendered":"<table style=\"border-collapse: collapse;width: 100%\">\n<tbody>\n<tr>\n<td style=\"width: 50%\">gi\u00e1 b\u00e1n<\/td>\n<td style=\"width: 50%\">8,5 t\u1ef7<\/td>\n<\/tr>\n<tr>\n<td style=\"width: 50%\">di\u1ec7n t\u00edch<\/td>\n<td style=\"width: 50%\">566,57m2<\/td>\n<\/tr>\n<tr>\n<td style=\"width: 50%\">h\u01b0\u1edbng \u0111\u1ea5t<\/td>\n<td style=\"width: 50%\">h\u01b0\u1edbng nam<\/td>\n<\/tr>\n<tr>\n<td style=\"width: 50%\">lo\u1ea1i \u0111\u1ea5t<\/td>\n<td style=\"width: 50%\">\u0111\u1ea5t h\u1ed7n h\u1ee3p<\/td>\n<\/tr>\n<tr>\n<td style=\"width: 50%\">v\u1ecb tr\u00ed<\/td>\n<td style=\"width: 50%\">K\u0110T Ford H\u1ea3i D\u01b0\u01a1ng<\/td>\n<\/tr>\n<tr>\n<td style=\"width: 50%\">T\u00ecnh Tr\u1ea1ng<\/td>\n<td style=\"width: 50%\">M\u1edbi<\/td>\n<\/tr>\n<tr>\n<td style=\"width: 50%\"><\/td>\n<td style=\"width: 50%\"><\/td>\n<\/tr>\n<tr>\n<td style=\"width: 50%\"><\/td>\n<td style=\"width: 50%\"><\/td>\n<\/tr>\n<\/tbody>\n<\/table>\n","protected":false},"featured_media":1109,"comment_status":"open","ping_status":"closed","template":"","meta":[],"_links":{"self":[{"href":"https:\/\/batdongsan8.vttagency.vn\/index.php?rest_route=\/wp\/v2\/product\/1108"}],"collection":[{"href":"https:\/\/batdongsan8.vttagency.vn\/index.php?rest_route=\/wp\/v2\/product"}],"about":[{"href":"https:\/\/batdongsan8.vttagency.vn\/index.php?rest_route=\/wp\/v2\/types\/product"}],"replies":[{"embeddable":true,"href":"https:\/\/batdongsan8.vttagency.vn\/index.php?rest_route=%2Fwp%2Fv2%2Fcomments&post=1108"}],"wp:featuredmedia":[{"embeddable":true,"href":"https:\/\/batdongsan8.vttagency.vn\/index.php?rest_route=\/wp\/v2\/media\/1109"}],"wp:attachment":[{"href":"https:\/\/batdongsan8.vttagency.vn\/index.php?rest_route=%2Fwp%2Fv2%2Fmedia&parent=1108"}],"curies":[{"name":"wp","href":"https:\/\/api.w.org\/{rel}","templated":true}]}}