{"id":1113,"date":"2021-12-03T01:30:13","date_gmt":"2021-12-03T01:30:13","guid":{"rendered":"https:\/\/vttdragon.com\/?post_type=product&#038;p=1113"},"modified":"2023-04-20T07:28:01","modified_gmt":"2023-04-20T07:28:01","slug":"du-an-tay-nam-sach","status":"publish","type":"product","link":"https:\/\/batdongsan8.vttagency.vn\/?product=du-an-tay-nam-sach","title":{"rendered":"D\u1ef1 \u00c1n T\u00e2y Nam S\u00e1ch"},"content":{"rendered":"<h1><strong>D\u1ef1 \u00c1n Khu D\u00e2n C\u01b0 T\u00e2y Nam S\u00e1ch<\/strong><\/h1>\n<div class=\"kvgmc6g5 cxmmr5t8 oygrvhab hcukyx3x c1et5uql ii04i59q\">\n<div dir=\"auto\">D\u1ef1 \u00c1n Khu D\u00e2n C\u01b0 T\u00e2y Nam S\u00e1ch H\u1ea3i D\u01b0\u01a1ng<\/div>\n<div dir=\"auto\">Gi\u1edbi thi\u1ec7u d\u1ef1 \u00e1n Khu \u0110\u00f4 Th\u1ecb Ph\u00eda T\u00e2y Nam S\u00e1ch<\/div>\n<div dir=\"auto\">T\u00ean d\u1ef1 \u00e1n: Khu d\u00e2n c\u01b0 m\u01a1\u0301i phi\u0301a T\u00e2y thi\u0323 tr\u00e2\u0301n Nam Sa\u0301ch<\/div>\n<div dir=\"auto\">V\u1ecb tr\u00ed: Th\u1ecb tr\u1ea5n Nam S\u00e1ch, huy\u1ec7n Nam S\u00e1ch, t\u1ec9nh H\u1ea3i D\u01b0\u01a1ng Ch\u1ee7 \u0111\u1ea7u t\u01b0: Li\u00ean danh C\u00f4ng ty TNHH Ho\u00e0ng Thanh v\u00e0 C\u00f4ng ty TNHH T\u1eadp \u0111o\u00e0n H\u01b0ng Th\u1ecbnh (Li\u00ean danh Ho\u00e0ng Thanh \u2013 H\u01b0ng Th\u1ecbnh)<\/div>\n<div dir=\"auto\">\u0110\u01a1n vi\u0323 t\u01b0 v\u00e2\u0301n: C\u00f4ng ty c\u00f4\u0309 ph\u00e2\u0300n \u0111\u00e2\u0300u t\u01b0 va\u0300 x\u00e2y d\u01b0\u0323ng Hoa\u0300ng Minh<\/div>\n<div dir=\"auto\">Quy m\u00f4: 40ha<\/div>\n<div dir=\"auto\">D\u00e2n s\u1ed1 d\u1ef1 ki\u1ebfn: 5.280 ng\u01b0\u1eddi.<\/div>\n<div dir=\"auto\">T\u00f4\u0309ng m\u01b0\u0301c \u0111\u00e2\u0300u t\u01b0: 663,7 ty\u0309 \u0111\u00f4\u0300ng<\/div>\n<div dir=\"auto\">Lo\u1ea1i h\u00ecnh ph\u00e1t tri\u1ec3n: nh\u00e0 \u1edf bi\u1ec7t th\u1ef1, nh\u00e0 ph\u1ed1 kinh doanh, nh\u00e0 \u1edf li\u1ec1n k\u1ec1<\/div>\n<div dir=\"auto\">Ti\u1ec7n \u00edch: c\u01a1 quan ha\u0300nh chi\u0301nh, tr\u01b0\u01a1\u0300ng ho\u0323c, c\u00f4ng vi\u00ean c\u00e2y xanh, trung t\u00e2m th\u01b0\u01a1ng ma\u0323i, trung t\u00e2m gia\u0309i tri\u0301..<\/div>\n<div dir=\"auto\">D\u1ef1 \u00e1n ph\u00eda T\u00e2y Nam S\u00e1ch c\u1ee7a Li\u00ean Danh Ho\u00e0ng Thanh \u2013 H\u01b0ng Th\u1ecbnh \u0111\u01b0\u1ee3c quy ho\u1ea1ch 40 ha thu\u1ed9c ph\u00eda T\u00e2y Nam S\u00e1ch \u2013 t\u1ec9nh H\u1ea3i D\u01b0\u01a1ng. Ph\u00eda \u0110\u00d4ng gi\u00e1p v\u1edbi \u0111\u01b0\u1eddng Tr\u1ea7n Ph\u00fa (\u0111\u01b0\u1eddng t\u1ec9nh 390), khu d\u00e2n c\u01b0 v\u00e0 c\u00f4ng tr\u00ecnh c\u00f4ng c\u1ed9ng hi\u1ec7n c\u00f3, ph\u00eda T\u00e2y gi\u00e1p khu d\u00e2n c\u01b0 v\u00e0 ru\u1ed9ng canh t\u00e1c c\u1ee7a x\u00e3 Nam H\u1ed3ng, Ph\u00eda B\u1eafc v\u00e0 Ph\u00eda Nam gi\u00e1p v\u1edbi c\u00e1c khu d\u00e2n c\u01b0, ru\u1ed9ng canh t\u00e1c, c\u00f4ng tr\u00ecnh c\u00f4ng c\u1ed9ng, \u0111\u01b0\u1eddng giao th\u00f4ng hi\u1ec7n c\u00f3.<\/div>\n<div dir=\"auto\">Theo c\u01a1 c\u1ea5u s\u1eed d\u1ee5ng \u0111\u1ea5t trong khu v\u1ef1c nghi\u00ean c\u1ee9u 40ha th\u00ec c\u00f3 13,2ha l\u00e0 \u0111\u1ea5t \u1edf (33,02%). Trong \u0111\u00f3 c\u00f3 \u0111\u1ea5t \u1edf li\u1ec1n k\u1ec1, \u0111\u1ea5t \u1edf bi\u1ec7t th\u1ef1.<\/div>\n<div dir=\"auto\">C\u00f2n l\u1ea1i l\u00e0 \u0111\u1ea5t th\u01b0\u01a1ng m\u1ea1i d\u1ecbch v\u1ee5; \u0111\u1ea5t c\u00f4ng c\u1ed9ng, c\u01a1 quan; c\u00f4ng vi\u00ean c\u00e2y xanh, m\u1eb7t n\u01b0\u1edbc, th\u1ec3 d\u1ee5c th\u1ec3 thao; \u0111\u01b0\u1eddng giao th\u00f4ng v\u00e0 h\u1ea1 t\u1ea7ng k\u1ef9 thu\u1eadt\u2026<\/div>\n<div dir=\"auto\">\u0110\u01b0\u1eddng giao th\u00f4ng ch\u00ednh l\u00e0 tr\u1ee5c b\u1eafc \u2013 nam r\u1ed9ng 35 m, t\u1ea1o \u0111\u01b0\u1eddng tr\u00e1nh \u0111\u1ec3 gi\u1ea3m l\u01b0u l\u01b0\u1ee3ng giao th\u00f4ng cho \u0111\u01b0\u1eddng t\u1ec9nh 390, \u0111\u1ed3ng th\u1eddi n\u1ed1i th\u00f4ng v\u1ec1 ph\u00eda nam k\u00eanh Chu \u0110\u1eadu b\u1eb1ng 1 c\u1ea7u m\u1edbi r\u1ed9ng 20,5 m. C\u00e1c \u0111\u01b0\u1eddng giao th\u00f4ng ph\u00e2n khu r\u1ed9ng t\u1eeb 17,5 \u2013 24 m. C\u00e1c tuy\u1ebfn giao th\u00f4ng n\u1ed9i b\u1ed9 r\u1ed9ng t\u1eeb 9,5-15,5 m. H\u1ec7 th\u1ed1ng tho\u00e1t n\u01b0\u1edbc m\u01b0a \u0111\u01b0\u1ee3c thi\u1ebft k\u1ebf \u0111\u1ed9c l\u1eadp v\u1edbi c\u00e1c tuy\u1ebfn \u0111\u01b0\u1eddng \u1ed1ng thu gom n\u01b0\u1edbc th\u1ea3i. \u0110\u01b0\u1eddng tr\u1ee5c ch\u00ednh c\u1ea5p n\u01b0\u1edbc s\u1ea1ch c\u00f3 \u0111\u01b0\u1eddng k\u00ednh t\u1eeb 50 \u2013 110 mm, c\u00f4ng su\u1ea5t c\u1ea5p 2.432 m3\/ng\u00e0y \u0111\u00eam. H\u1ec7 th\u1ed1ng \u0111\u01b0\u1eddng \u0111i\u1ec7n chi\u1ebfu s\u00e1ng, sinh ho\u1ea1t \u0111\u01b0\u1ee3c thi\u1ebft k\u1ebf ng\u1ea7m, v\u1edbi 7 tr\u1ea1m bi\u1ebfn \u00e1p c\u00f3 c\u00f4ng su\u1ea5t t\u1eeb 500-800 kVA.<\/div>\n<\/div>\n<div class=\"o9v6fnle cxmmr5t8 oygrvhab hcukyx3x c1et5uql ii04i59q\">\n<div dir=\"auto\"><a class=\"oajrlxb2 g5ia77u1 qu0x051f esr5mh6w e9989ue4 r7d6kgcz rq0escxv nhd2j8a9 nc684nl6 p7hjln8o kvgmc6g5 cxmmr5t8 oygrvhab hcukyx3x jb3vyjys rz4wbd8a qt6c0cv9 a8nywdso i1ao9s8h esuyzwwr f1sip0of lzcic4wl q66pz984 gpro0wi8 b1v8xokw\" role=\"link\" href=\"https:\/\/www.facebook.com\/hashtag\/b%E1%BA%A5t_%C4%91%E1%BB%99ng_s%E1%BA%A3n_th%C3%A0nh_c%C3%B4ng?__eep__=6&amp;__cft__[0]=AZWfee8V6fQTzdsWLYerDHZvVXcDsDgfYE-hVpS0tRKYd0WRdUP-a_RvRuXKqUWarnMb9OC1I6fj2rZy-ldT43jsmHMw8Xy5ZcnrYxSN5QxPDK_IK74VE9Bv-1xVtozml4s&amp;__tn__=*NK-R\">#B\u1ea4T_\u0110\u1ed8NG_S\u1ea2N_TH\u00c0NH_C\u00d4NG<\/a><\/div>\n<\/div>\n<div class=\"o9v6fnle cxmmr5t8 oygrvhab hcukyx3x c1et5uql ii04i59q\">\n<div dir=\"auto\" style=\"text-align: center\"><strong><span style=\"color: #ff0000\">Th\u00f4ng tin li\u00ean h\u1ec7:<\/span><\/strong><\/div>\n<div dir=\"auto\" style=\"text-align: center\"><strong><span style=\"color: #ff0000\">V\u0102N PH\u00d2NG GIAO D\u1ecaCH B\u1ea4T \u0110\u1ed8NG S\u1ea2N TH\u00c0NH C\u00d4NG<\/span><\/strong><\/div>\n<\/div>\n<div class=\"o9v6fnle cxmmr5t8 oygrvhab hcukyx3x c1et5uql ii04i59q\" style=\"text-align: center\">\n<div dir=\"auto\"><strong><span style=\"color: #ff0000\">\u0110\u1ecba ch\u1ec9: <\/span><\/strong><\/div>\n<\/div>\n<div class=\"o9v6fnle cxmmr5t8 oygrvhab hcukyx3x c1et5uql ii04i59q\">\n<div dir=\"auto\" style=\"text-align: center\"><strong><span style=\"color: #ff0000\"><span class=\"pq6dq46d tbxw36s4 knj5qynh kvgmc6g5 ditlmg2l oygrvhab nvdbi5me sf5mxxl7 gl3lb2sf hhz5lgdu\"><img loading=\"lazy\" src=\"https:\/\/static.xx.fbcdn.net\/images\/emoji.php\/v9\/ta9\/1.5\/16\/260e.png\" alt=\"\u260e\ufe0f\" width=\"16\" height=\"16\" \/><\/span>:0789 50 6668<\/span><\/strong><\/div>\n<div dir=\"auto\"><img loading=\"lazy\" class=\"size-medium wp-image-1114 aligncenter\" src=\"https:\/\/vttdragon.com\/wp-content\/uploads\/2021\/12\/h5-711x400.jpg\" alt=\"\" width=\"711\" height=\"400\" srcset=\"https:\/\/batdongsan8.vttagency.vn\/wp-content\/uploads\/2021\/12\/h5-711x400.jpg 711w, https:\/\/batdongsan8.vttagency.vn\/wp-content\/uploads\/2021\/12\/h5-768x432.jpg 768w, https:\/\/batdongsan8.vttagency.vn\/wp-content\/uploads\/2021\/12\/h5-600x337.jpg 600w, https:\/\/batdongsan8.vttagency.vn\/wp-content\/uploads\/2021\/12\/h5.jpg 1366w\" sizes=\"(max-width: 711px) 100vw, 711px\" \/> <img loading=\"lazy\" class=\"size-medium wp-image-1115 aligncenter\" src=\"https:\/\/vttdragon.com\/wp-content\/uploads\/2021\/12\/MrThu2-533x400.jpg\" alt=\"\" width=\"533\" height=\"400\" srcset=\"https:\/\/batdongsan8.vttagency.vn\/wp-content\/uploads\/2021\/12\/MrThu2-533x400.jpg 533w, https:\/\/batdongsan8.vttagency.vn\/wp-content\/uploads\/2021\/12\/MrThu2-768x576.jpg 768w, https:\/\/batdongsan8.vttagency.vn\/wp-content\/uploads\/2021\/12\/MrThu2-1067x800.jpg 1067w, https:\/\/batdongsan8.vttagency.vn\/wp-content\/uploads\/2021\/12\/MrThu2-600x450.jpg 600w\" sizes=\"(max-width: 533px) 100vw, 533px\" \/> <img loading=\"lazy\" class=\"size-medium wp-image-1052 aligncenter\" src=\"https:\/\/vttdragon.com\/wp-content\/uploads\/2021\/11\/1-1-533x400.jpg\" alt=\"\" width=\"533\" height=\"400\" srcset=\"https:\/\/batdongsan8.vttagency.vn\/wp-content\/uploads\/2021\/11\/1-1-533x400.jpg 533w, https:\/\/batdongsan8.vttagency.vn\/wp-content\/uploads\/2021\/11\/1-1-768x576.jpg 768w, https:\/\/batdongsan8.vttagency.vn\/wp-content\/uploads\/2021\/11\/1-1-600x450.jpg 600w, https:\/\/batdongsan8.vttagency.vn\/wp-content\/uploads\/2021\/11\/1-1.jpg 960w\" sizes=\"(max-width: 533px) 100vw, 533px\" \/> <img loading=\"lazy\" class=\"size-medium wp-image-1053 aligncenter\" src=\"https:\/\/vttdragon.com\/wp-content\/uploads\/2021\/11\/5-533x400.jpg\" alt=\"\" width=\"533\" height=\"400\" srcset=\"https:\/\/batdongsan8.vttagency.vn\/wp-content\/uploads\/2021\/11\/5-533x400.jpg 533w, https:\/\/batdongsan8.vttagency.vn\/wp-content\/uploads\/2021\/11\/5-768x576.jpg 768w, https:\/\/batdongsan8.vttagency.vn\/wp-content\/uploads\/2021\/11\/5-600x450.jpg 600w, https:\/\/batdongsan8.vttagency.vn\/wp-content\/uploads\/2021\/11\/5.jpg 960w\" sizes=\"(max-width: 533px) 100vw, 533px\" \/> <img loading=\"lazy\" class=\"size-medium wp-image-1048 aligncenter\" src=\"https:\/\/vttdragon.com\/wp-content\/uploads\/2021\/11\/3-533x400.jpg\" alt=\"\" width=\"533\" height=\"400\" srcset=\"https:\/\/batdongsan8.vttagency.vn\/wp-content\/uploads\/2021\/11\/3-533x400.jpg 533w, https:\/\/batdongsan8.vttagency.vn\/wp-content\/uploads\/2021\/11\/3-768x576.jpg 768w, https:\/\/batdongsan8.vttagency.vn\/wp-content\/uploads\/2021\/11\/3-600x450.jpg 600w, https:\/\/batdongsan8.vttagency.vn\/wp-content\/uploads\/2021\/11\/3.jpg 960w\" sizes=\"(max-width: 533px) 100vw, 533px\" \/> <img loading=\"lazy\" class=\"size-medium wp-image-1049 aligncenter\" src=\"https:\/\/vttdragon.com\/wp-content\/uploads\/2021\/11\/6-724x400.jpg\" alt=\"\" width=\"724\" height=\"400\" srcset=\"https:\/\/batdongsan8.vttagency.vn\/wp-content\/uploads\/2021\/11\/6-724x400.jpg 724w, https:\/\/batdongsan8.vttagency.vn\/wp-content\/uploads\/2021\/11\/6-768x424.jpg 768w, https:\/\/batdongsan8.vttagency.vn\/wp-content\/uploads\/2021\/11\/6-600x331.jpg 600w, https:\/\/batdongsan8.vttagency.vn\/wp-content\/uploads\/2021\/11\/6.jpg 956w\" sizes=\"(max-width: 724px) 100vw, 724px\" \/> <img loading=\"lazy\" class=\"size-medium wp-image-1050 aligncenter\" src=\"https:\/\/vttdragon.com\/wp-content\/uploads\/2021\/11\/2-533x400.jpg\" alt=\"\" width=\"533\" height=\"400\" srcset=\"https:\/\/batdongsan8.vttagency.vn\/wp-content\/uploads\/2021\/11\/2-533x400.jpg 533w, https:\/\/batdongsan8.vttagency.vn\/wp-content\/uploads\/2021\/11\/2-768x576.jpg 768w, https:\/\/batdongsan8.vttagency.vn\/wp-content\/uploads\/2021\/11\/2-600x450.jpg 600w, https:\/\/batdongsan8.vttagency.vn\/wp-content\/uploads\/2021\/11\/2.jpg 960w\" sizes=\"(max-width: 533px) 100vw, 533px\" \/><\/div>\n<\/div>\n","protected":false},"excerpt":{"rendered":"<p>D\u1ef1 \u00c1n Khu D\u00e2n C\u01b0 T\u00e2y Nam S\u00e1ch D\u1ef1 \u00c1n Khu D\u00e2n C\u01b0 T\u00e2y Nam S\u00e1ch H\u1ea3i D\u01b0\u01a1ng Gi\u1edbi thi\u1ec7u d\u1ef1 \u00e1n Khu \u0110\u00f4 Th\u1ecb Ph\u00eda T\u00e2y Nam S\u00e1ch T\u00ean d\u1ef1 \u00e1n: Khu d\u00e2n c\u01b0 m\u01a1\u0301i phi\u0301a T\u00e2y thi\u0323 tr\u00e2\u0301n Nam Sa\u0301ch V\u1ecb tr\u00ed: Th\u1ecb tr\u1ea5n Nam S\u00e1ch, huy\u1ec7n Nam S\u00e1ch, t\u1ec9nh H\u1ea3i D\u01b0\u01a1ng Ch\u1ee7 [&#8230;]\n","protected":false},"featured_media":1115,"comment_status":"open","ping_status":"closed","template":"","meta":[],"_links":{"self":[{"href":"https:\/\/batdongsan8.vttagency.vn\/index.php?rest_route=\/wp\/v2\/product\/1113"}],"collection":[{"href":"https:\/\/batdongsan8.vttagency.vn\/index.php?rest_route=\/wp\/v2\/product"}],"about":[{"href":"https:\/\/batdongsan8.vttagency.vn\/index.php?rest_route=\/wp\/v2\/types\/product"}],"replies":[{"embeddable":true,"href":"https:\/\/batdongsan8.vttagency.vn\/index.php?rest_route=%2Fwp%2Fv2%2Fcomments&post=1113"}],"wp:featuredmedia":[{"embeddable":true,"href":"https:\/\/batdongsan8.vttagency.vn\/index.php?rest_route=\/wp\/v2\/media\/1115"}],"wp:attachment":[{"href":"https:\/\/batdongsan8.vttagency.vn\/index.php?rest_route=%2Fwp%2Fv2%2Fmedia&parent=1113"}],"curies":[{"name":"wp","href":"https:\/\/api.w.org\/{rel}","templated":true}]}}