{"id":1117,"date":"2021-12-03T15:26:10","date_gmt":"2021-12-03T15:26:10","guid":{"rendered":"https:\/\/vttdragon.com\/?post_type=product&#038;p=1117"},"modified":"2023-04-20T07:25:27","modified_gmt":"2023-04-20T07:25:27","slug":"alacarte-ha-long-bay-kiet-tac-vinh-tren-may","status":"publish","type":"product","link":"https:\/\/batdongsan8.vttagency.vn\/?product=alacarte-ha-long-bay-kiet-tac-vinh-tren-may","title":{"rendered":"Alacarte H\u1ea1 Long Bay Ki\u1ec7t T\u00e1c V\u1ecbnh Tr\u00ean M\u00e2y"},"content":{"rendered":"<h1><strong>A\u00a0La Carte Halong Bay<\/strong><\/h1>\n<h2><strong>Ki\u1ec7t T\u00e1c V\u1ecbnh Tr\u00ean M\u00e2y<\/strong><\/h2>\n<p><strong>T\u00ean d\u1ef1 \u00e1n:<\/strong> T\u00f2a nh\u00e0 h\u1ed7n h\u1ee3p th\u01b0\u01a1ng m\u1ea1i d\u1ecbch v\u1ee5 v\u00e0 c\u0103n h\u1ed9 chung c\u01b0 <em><strong>Alacarte H\u1ea1 Long<\/strong><\/em><br \/>\n? <strong>V\u1ecb tr\u00ed d\u1ef1 \u00e1n:<\/strong> L\u00f4 \u0111\u1ea5t H30-H33, B\u00e1n \u0111\u1ea3o s\u1ed1 2, Khu \u0111\u00f4 th\u1ecb d\u1ecbch v\u1ee5 H\u00f9ng Th\u1eafng, Ph\u01b0\u1eddng H\u00f9ng Th\u1eafng, Th\u00e0nh ph\u1ed1 H\u1ea1 Long, Qu\u1ea3ng Ninh.<br \/>\n? <strong>Ch\u1ee7 \u0111\u1ea7u t\u01b0:<\/strong> <em><strong>C\u00d4NG TY C\u1ed4 PH\u1ea6N \u0110\u1ea6U T\u01af B\u1ea4T \u0110\u1ed8NG S\u1ea2N TASECO<\/strong><\/em> T\u1ed5ng th\u1ea7u thi c\u00f4ng: <em><strong>Ricons Group<\/strong><\/em><\/p>\n<p><img loading=\"lazy\" class=\"alignnone size-medium wp-image-1118\" src=\"https:\/\/vttdragon.com\/wp-content\/uploads\/2021\/12\/th\u00e0nh-1-713x400.jpg\" alt=\"\" width=\"713\" height=\"400\" srcset=\"https:\/\/batdongsan8.vttagency.vn\/wp-content\/uploads\/2021\/12\/th\u00e0nh-1-713x400.jpg 713w, https:\/\/batdongsan8.vttagency.vn\/wp-content\/uploads\/2021\/12\/th\u00e0nh-1-768x431.jpg 768w, https:\/\/batdongsan8.vttagency.vn\/wp-content\/uploads\/2021\/12\/th\u00e0nh-1-600x337.jpg 600w, https:\/\/batdongsan8.vttagency.vn\/wp-content\/uploads\/2021\/12\/th\u00e0nh-1.jpg 1080w\" sizes=\"(max-width: 713px) 100vw, 713px\" \/> <img loading=\"lazy\" class=\"alignnone size-medium wp-image-1119\" src=\"https:\/\/vttdragon.com\/wp-content\/uploads\/2021\/12\/th\u00e0nh-2-601x400.jpg\" alt=\"\" width=\"601\" height=\"400\" srcset=\"https:\/\/batdongsan8.vttagency.vn\/wp-content\/uploads\/2021\/12\/th\u00e0nh-2-601x400.jpg 601w, https:\/\/batdongsan8.vttagency.vn\/wp-content\/uploads\/2021\/12\/th\u00e0nh-2-768x511.jpg 768w, https:\/\/batdongsan8.vttagency.vn\/wp-content\/uploads\/2021\/12\/th\u00e0nh-2-1202x800.jpg 1202w, https:\/\/batdongsan8.vttagency.vn\/wp-content\/uploads\/2021\/12\/th\u00e0nh-2-600x399.jpg 600w, https:\/\/batdongsan8.vttagency.vn\/wp-content\/uploads\/2021\/12\/th\u00e0nh-2.jpg 1280w\" sizes=\"(max-width: 601px) 100vw, 601px\" \/> <img loading=\"lazy\" class=\"alignnone size-medium wp-image-1120\" src=\"https:\/\/vttdragon.com\/wp-content\/uploads\/2021\/12\/th\u00e0nh-3-600x400.jpg\" alt=\"\" width=\"600\" height=\"400\" srcset=\"https:\/\/batdongsan8.vttagency.vn\/wp-content\/uploads\/2021\/12\/th\u00e0nh-3-600x400.jpg 600w, https:\/\/batdongsan8.vttagency.vn\/wp-content\/uploads\/2021\/12\/th\u00e0nh-3-768x512.jpg 768w, https:\/\/batdongsan8.vttagency.vn\/wp-content\/uploads\/2021\/12\/th\u00e0nh-3-1200x800.jpg 1200w, https:\/\/batdongsan8.vttagency.vn\/wp-content\/uploads\/2021\/12\/th\u00e0nh-3.jpg 1280w\" sizes=\"(max-width: 600px) 100vw, 600px\" \/> <img loading=\"lazy\" class=\"alignnone size-medium wp-image-1121\" src=\"https:\/\/vttdragon.com\/wp-content\/uploads\/2021\/12\/th\u00e0nh-4-600x400.jpg\" alt=\"\" width=\"600\" height=\"400\" srcset=\"https:\/\/batdongsan8.vttagency.vn\/wp-content\/uploads\/2021\/12\/th\u00e0nh-4-600x400.jpg 600w, https:\/\/batdongsan8.vttagency.vn\/wp-content\/uploads\/2021\/12\/th\u00e0nh-4-768x512.jpg 768w, https:\/\/batdongsan8.vttagency.vn\/wp-content\/uploads\/2021\/12\/th\u00e0nh-4-1200x800.jpg 1200w, https:\/\/batdongsan8.vttagency.vn\/wp-content\/uploads\/2021\/12\/th\u00e0nh-4.jpg 1280w\" sizes=\"(max-width: 600px) 100vw, 600px\" \/><br \/>\n\u26a1\ufe0f <strong>Thi\u1ebft k\u1ebf ki\u1ebfn tr\u00fac v\u00e0 n\u1ed9i th\u1ea5t:<\/strong> <em><strong>AEDAS (Singapore)<\/strong><\/em><br \/>\n\u26a1\ufe0f <strong>Thi\u1ebft k\u1ebf chi\u1ebfu s\u00e1ng:<\/strong> <em><strong>HBA (M\u1ef9)<\/strong><\/em><br \/>\n\u26a1\ufe0f <strong>Qu\u1ea3n l\u00fd d\u1ef1 \u00e1n<\/strong><em><strong>: ARTELIA (Ph\u00e1p)<\/strong><\/em><br \/>\n\u26a1\ufe0f<strong> T\u1ed5ng di\u1ec7n t\u00edch d\u1ef1 \u00e1n:<\/strong> 5.125 m2<br \/>\n\u26a1\ufe0f <strong>S\u1ed1 t\u1ea7ng:<\/strong> 41 t\u1ea7ng n\u1ed5i + 02 t\u1ea7ng h\u1ea7m<br \/>\n\u26a1\ufe0f <strong>Chi\u1ec1u cao c\u00f4ng tr\u00ecnh:<\/strong> 157,95 m<br \/>\n\u26a1\ufe0f <strong>Lo\u1ea1i h\u00ecnh s\u1ea3n ph\u1ea9m:<\/strong> <strong>Skybay Suite<\/strong> (<em><strong>C\u0103n h\u1ed9 kh\u00e1ch s\u1ea1n<\/strong><\/em>) v\u00e0<strong> Skybay<\/strong> (<em><strong>C\u0103n h\u1ed9 d\u1ecbch v\u1ee5 cao c\u1ea5p<\/strong><\/em>)<\/p>\n<p><img loading=\"lazy\" class=\"alignnone size-medium wp-image-1128\" src=\"https:\/\/vttdragon.com\/wp-content\/uploads\/2021\/12\/th\u00e0nh-11-721x400.jpg\" alt=\"\" width=\"721\" height=\"400\" srcset=\"https:\/\/batdongsan8.vttagency.vn\/wp-content\/uploads\/2021\/12\/th\u00e0nh-11-721x400.jpg 721w, https:\/\/batdongsan8.vttagency.vn\/wp-content\/uploads\/2021\/12\/th\u00e0nh-11-768x426.jpg 768w, https:\/\/batdongsan8.vttagency.vn\/wp-content\/uploads\/2021\/12\/th\u00e0nh-11-600x333.jpg 600w, https:\/\/batdongsan8.vttagency.vn\/wp-content\/uploads\/2021\/12\/th\u00e0nh-11.jpg 1280w\" sizes=\"(max-width: 721px) 100vw, 721px\" \/> <img loading=\"lazy\" class=\"alignnone size-medium wp-image-1129\" src=\"https:\/\/vttdragon.com\/wp-content\/uploads\/2021\/12\/th\u00e0nh-12-533x400.jpg\" alt=\"\" width=\"533\" height=\"400\" srcset=\"https:\/\/batdongsan8.vttagency.vn\/wp-content\/uploads\/2021\/12\/th\u00e0nh-12-533x400.jpg 533w, https:\/\/batdongsan8.vttagency.vn\/wp-content\/uploads\/2021\/12\/th\u00e0nh-12-768x576.jpg 768w, https:\/\/batdongsan8.vttagency.vn\/wp-content\/uploads\/2021\/12\/th\u00e0nh-12-1067x800.jpg 1067w, https:\/\/batdongsan8.vttagency.vn\/wp-content\/uploads\/2021\/12\/th\u00e0nh-12-600x450.jpg 600w, https:\/\/batdongsan8.vttagency.vn\/wp-content\/uploads\/2021\/12\/th\u00e0nh-12.jpg 1280w\" sizes=\"(max-width: 533px) 100vw, 533px\" \/> <img loading=\"lazy\" class=\"alignnone size-medium wp-image-1131\" src=\"https:\/\/vttdragon.com\/wp-content\/uploads\/2021\/12\/th\u00e0nh-14-533x400.jpg\" alt=\"\" width=\"533\" height=\"400\" srcset=\"https:\/\/batdongsan8.vttagency.vn\/wp-content\/uploads\/2021\/12\/th\u00e0nh-14-533x400.jpg 533w, https:\/\/batdongsan8.vttagency.vn\/wp-content\/uploads\/2021\/12\/th\u00e0nh-14-768x576.jpg 768w, https:\/\/batdongsan8.vttagency.vn\/wp-content\/uploads\/2021\/12\/th\u00e0nh-14-1067x800.jpg 1067w, https:\/\/batdongsan8.vttagency.vn\/wp-content\/uploads\/2021\/12\/th\u00e0nh-14-600x450.jpg 600w, https:\/\/batdongsan8.vttagency.vn\/wp-content\/uploads\/2021\/12\/th\u00e0nh-14.jpg 1280w\" sizes=\"(max-width: 533px) 100vw, 533px\" \/> <img loading=\"lazy\" class=\"alignnone size-medium wp-image-1130\" src=\"https:\/\/vttdragon.com\/wp-content\/uploads\/2021\/12\/th\u00e0nh-13-533x400.jpg\" alt=\"\" width=\"533\" height=\"400\" srcset=\"https:\/\/batdongsan8.vttagency.vn\/wp-content\/uploads\/2021\/12\/th\u00e0nh-13-533x400.jpg 533w, https:\/\/batdongsan8.vttagency.vn\/wp-content\/uploads\/2021\/12\/th\u00e0nh-13-768x576.jpg 768w, https:\/\/batdongsan8.vttagency.vn\/wp-content\/uploads\/2021\/12\/th\u00e0nh-13-1067x800.jpg 1067w, https:\/\/batdongsan8.vttagency.vn\/wp-content\/uploads\/2021\/12\/th\u00e0nh-13-600x450.jpg 600w, https:\/\/batdongsan8.vttagency.vn\/wp-content\/uploads\/2021\/12\/th\u00e0nh-13.jpg 1280w\" sizes=\"(max-width: 533px) 100vw, 533px\" \/> <img loading=\"lazy\" class=\"alignnone size-medium wp-image-1132\" src=\"https:\/\/vttdragon.com\/wp-content\/uploads\/2021\/12\/th\u00e0nh-15-533x400.jpg\" alt=\"\" width=\"533\" height=\"400\" srcset=\"https:\/\/batdongsan8.vttagency.vn\/wp-content\/uploads\/2021\/12\/th\u00e0nh-15-533x400.jpg 533w, https:\/\/batdongsan8.vttagency.vn\/wp-content\/uploads\/2021\/12\/th\u00e0nh-15-768x576.jpg 768w, https:\/\/batdongsan8.vttagency.vn\/wp-content\/uploads\/2021\/12\/th\u00e0nh-15-1067x800.jpg 1067w, https:\/\/batdongsan8.vttagency.vn\/wp-content\/uploads\/2021\/12\/th\u00e0nh-15-600x450.jpg 600w, https:\/\/batdongsan8.vttagency.vn\/wp-content\/uploads\/2021\/12\/th\u00e0nh-15.jpg 1280w\" sizes=\"(max-width: 533px) 100vw, 533px\" \/><\/p>\n<p>&nbsp;<\/p>\n<p>?<strong> Ti\u00eau chu\u1ea9n b\u00e0n giao:<\/strong><br \/>\n<strong>C\u0103n h\u1ed9 <em>Skybay Suite:<\/em> <\/strong>Ho\u00e0n thi\u1ec7n to\u00e0n b\u1ed9 n\u1ed9i th\u1ea5t li\u1ec1n t\u01b0\u1eddng, n\u1ed9i th\u1ea5t r\u1eddi theo ti\u00eau chu\u1ea9n kh\u00e1ch s\u1ea1n cao c\u1ea5p<br \/>\n<strong>C\u0103n h\u1ed9 d\u1ecbch v\u1ee5 cao c\u1ea5p:<\/strong> Ho\u00e0n thi\u1ec7n to\u00e0n b\u1ed9 n\u1ed9i th\u1ea5t li\u1ec1n t\u01b0\u1eddng, n\u1ed9i th\u1ea5t r\u1eddi<br \/>\n? <strong>H\u00ecnh th\u1ee9c S\u1edf h\u1eefu:<em> L\u00e2u d\u00e0i<\/em><\/strong><\/p>\n<p><img loading=\"lazy\" class=\"alignnone size-medium wp-image-1127\" src=\"https:\/\/vttdragon.com\/wp-content\/uploads\/2021\/12\/th\u00e0nh-10-542x400.jpg\" alt=\"\" width=\"542\" height=\"400\" srcset=\"https:\/\/batdongsan8.vttagency.vn\/wp-content\/uploads\/2021\/12\/th\u00e0nh-10-542x400.jpg 542w, https:\/\/batdongsan8.vttagency.vn\/wp-content\/uploads\/2021\/12\/th\u00e0nh-10-768x566.jpg 768w, https:\/\/batdongsan8.vttagency.vn\/wp-content\/uploads\/2021\/12\/th\u00e0nh-10-1085x800.jpg 1085w, https:\/\/batdongsan8.vttagency.vn\/wp-content\/uploads\/2021\/12\/th\u00e0nh-10-600x443.jpg 600w\" sizes=\"(max-width: 542px) 100vw, 542px\" \/><\/p>\n<p>\u2705 Ch\u1ec9 v\u1edbi s\u1ed1 v\u1ed1n <strong>30%<\/strong> hi\u1ec7n c\u00f3 (<strong> kho\u1ea3ng 700t<\/strong>r ), <strong>70%<\/strong> thanh to\u00e1n b\u1eb1ng d\u00f2ng ti\u1ec1n khai th\u00e1c s\u1ea3n ph\u1ea9m l\u00e0 \u0111\u01b0\u1ee3c s\u1edf h\u1eefu 1 c\u0103n h\u1ed9 cao c\u1ea5p r\u1ed3i.<br \/>\n\u2705 H\u00ecnh th\u1ee9c s\u1edf h\u1eefu: l\u00e2u d\u00e0i ( <em><strong>s\u1ed5 h\u1ed3ng trao tay<\/strong><\/em> ).<br \/>\n\u2705 M\u1ed9t b\u01b0\u1edbc ch\u00e2n v\u00f4 v\u00e0n ti\u1ec7n \u00edch<br \/>\n\u2705 R\u1ea5t nhi\u1ec1u ch\u00ednh s\u00e1ch \u01b0u \u0111\u00e3i kh\u00e1c\u2026<\/p>\n<div dir=\"auto\" style=\"text-align: center\"><span style=\"color: #ff0000\"><strong>Th\u00f4ng tin li\u00ean h\u1ec7:<\/strong><\/span><\/div>\n<div dir=\"auto\">\n<p style=\"text-align: center\"><span style=\"color: #ff0000\"><strong>S\u0110T:0789 50 6668<\/strong><\/span><\/p>\n<\/div>\n","protected":false},"excerpt":{"rendered":"<p>&nbsp;<\/p>\n<table style=\"border-collapse: collapse;width: 100%;height: 190px\">\n<tbody>\n<tr style=\"height: 22px\">\n<td style=\"width: 50%;height: 22px\">Gi\u00e1 B\u00e1n<\/td>\n<td style=\"width: 50%;height: 22px\">2,4 t\u1ef7 \u0111\u1ebfn 2,9 t\u1ef7 \/ 1 c\u0103n<\/td>\n<\/tr>\n<tr style=\"height: 21px\">\n<td style=\"width: 50%;height: 21px\">Di\u1ec7n T\u00edch<\/td>\n<td style=\"width: 50%;height: 21px\">T\u1eeb 45 \u0110\u1ebfn 75 m2<\/td>\n<\/tr>\n<tr style=\"height: 21px\">\n<td style=\"width: 50%;height: 21px\">Lo\u1ea1i \u0110\u1ea5t<\/td>\n<td style=\"width: 50%;height: 21px\">\u0110\u1ea5t \u1edf l\u00e2u d\u00e0i<\/td>\n<\/tr>\n<tr style=\"height: 21px\">\n<td style=\"width: 50%;height: 21px\">Khu V\u1ef1c<\/td>\n<td style=\"width: 50%;height: 21px\">H\u1ea1 Long<\/td>\n<\/tr>\n<tr style=\"height: 21px\">\n<td style=\"width: 50%;height: 21px\">T\u00ecnh Tr\u1ea1ng<\/td>\n<td style=\"width: 50%;height: 21px\">M\u1edbi<\/td>\n<\/tr>\n<tr style=\"height: 21px\">\n<td style=\"width: 50%;height: 21px\"><\/td>\n<td style=\"width: 50%;height: 21px\"><\/td>\n<\/tr>\n<tr style=\"height: 21px\">\n<td style=\"width: 50%;height: 21px\"><\/td>\n<td style=\"width: 50%;height: 21px\"><\/td>\n<\/tr>\n<tr style=\"height: 21px\">\n<td style=\"width: 50%;height: 21px\"><\/td>\n<td style=\"width: 50%;height: 21px\"><\/td>\n<\/tr>\n<tr style=\"height: 21px\">\n<td style=\"width: 50%;height: 21px\"><\/td>\n<td style=\"width: 50%;height: 21px\"><\/td>\n<\/tr>\n<\/tbody>\n<\/table>\n","protected":false},"featured_media":1126,"comment_status":"open","ping_status":"closed","template":"","meta":[],"_links":{"self":[{"href":"https:\/\/batdongsan8.vttagency.vn\/index.php?rest_route=\/wp\/v2\/product\/1117"}],"collection":[{"href":"https:\/\/batdongsan8.vttagency.vn\/index.php?rest_route=\/wp\/v2\/product"}],"about":[{"href":"https:\/\/batdongsan8.vttagency.vn\/index.php?rest_route=\/wp\/v2\/types\/product"}],"replies":[{"embeddable":true,"href":"https:\/\/batdongsan8.vttagency.vn\/index.php?rest_route=%2Fwp%2Fv2%2Fcomments&post=1117"}],"wp:featuredmedia":[{"embeddable":true,"href":"https:\/\/batdongsan8.vttagency.vn\/index.php?rest_route=\/wp\/v2\/media\/1126"}],"wp:attachment":[{"href":"https:\/\/batdongsan8.vttagency.vn\/index.php?rest_route=%2Fwp%2Fv2%2Fmedia&parent=1117"}],"curies":[{"name":"wp","href":"https:\/\/api.w.org\/{rel}","templated":true}]}}