{"id":1133,"date":"2021-12-06T02:11:22","date_gmt":"2021-12-06T02:11:22","guid":{"rendered":"https:\/\/vttdragon.com\/?post_type=product&#038;p=1133"},"modified":"2023-04-20T07:24:23","modified_gmt":"2023-04-20T07:24:23","slug":"ban-biet-thu-vip-kbt-dinh-long-hai-duong","status":"publish","type":"product","link":"https:\/\/batdongsan8.vttagency.vn\/?product=ban-biet-thu-vip-kbt-dinh-long-hai-duong","title":{"rendered":"B\u00e1n Bi\u1ec7t Th\u1ef1 V\u00edp KBT \u0110\u1ec9nh Long H\u1ea3i D\u01b0\u01a1ng"},"content":{"rendered":"<h1><strong>Bi\u1ec7t Th\u1ef1 2 T\u1ea7ng V\u00edp KBT \u0110\u1ec9nh Long H\u1ea3i D\u01b0\u01a1ng<\/strong><\/h1>\n<h2><strong>Bi\u1ec7t Th\u1ef1 Cao C\u1ea5p<\/strong><\/h2>\n<div dir=\"auto\"><strong>B\u00c1N C\u0102N BI\u1ec6T TH\u1ef0 V\u00cdP<\/strong><\/div>\n<div dir=\"auto\"><img loading=\"lazy\" class=\"alignnone size-medium wp-image-1136\" src=\"https:\/\/vttdragon.com\/wp-content\/uploads\/2021\/12\/bt2-533x400.jpg\" alt=\"\" width=\"533\" height=\"400\" srcset=\"https:\/\/batdongsan8.vttagency.vn\/wp-content\/uploads\/2021\/12\/bt2-533x400.jpg 533w, https:\/\/batdongsan8.vttagency.vn\/wp-content\/uploads\/2021\/12\/bt2-768x576.jpg 768w, https:\/\/batdongsan8.vttagency.vn\/wp-content\/uploads\/2021\/12\/bt2-600x450.jpg 600w, https:\/\/batdongsan8.vttagency.vn\/wp-content\/uploads\/2021\/12\/bt2.jpg 960w\" sizes=\"(max-width: 533px) 100vw, 533px\" \/><\/div>\n<div dir=\"auto\"><strong>CH\u00cdNH CH\u1ee6<\/strong> nh\u00e0 em b\u00e1n c\u0103n bi\u1ec7t th\u1ef1 trong m\u01a1.<\/div>\n<div dir=\"auto\"><strong>L\u00fd do b\u00e1n<\/strong>: c\u1ea7n ti\u1ec1n g\u1ea5p \u0111\u1ec3 \u0111\u1ea7u t\u01b0 vi\u1ec7c l\u1edbn.<\/div>\n<div dir=\"auto\"><img loading=\"lazy\" class=\"alignnone size-medium wp-image-1135\" src=\"https:\/\/vttdragon.com\/wp-content\/uploads\/2021\/12\/bt1-533x400.jpg\" alt=\"\" width=\"533\" height=\"400\" srcset=\"https:\/\/batdongsan8.vttagency.vn\/wp-content\/uploads\/2021\/12\/bt1-533x400.jpg 533w, https:\/\/batdongsan8.vttagency.vn\/wp-content\/uploads\/2021\/12\/bt1-768x576.jpg 768w, https:\/\/batdongsan8.vttagency.vn\/wp-content\/uploads\/2021\/12\/bt1-600x450.jpg 600w, https:\/\/batdongsan8.vttagency.vn\/wp-content\/uploads\/2021\/12\/bt1.jpg 960w\" sizes=\"(max-width: 533px) 100vw, 533px\" \/><\/div>\n<div dir=\"auto\"><strong>Th\u00f4ng tin v\u1ec1 s\u1ea3n ph\u1ea9m.<\/strong><\/div>\n<div dir=\"auto\">&#8211; Bi\u1ec7t Th\u1ef1 2 t\u1ea7ng \u0111\u1eb9p<\/div>\n<div dir=\"auto\"><strong>&#8211; Di\u1ec7n t\u00edch:<\/strong> 271m2<\/div>\n<div dir=\"auto\"><strong>&#8211; Di\u1ec7n t\u00edch x\u00e2y d\u1ef1ng:<\/strong> 147,2m2 c\u00f2n l\u1ea1i l\u00e0 s\u00e2n v\u01b0\u1eddn.<\/div>\n<div dir=\"auto\"><strong>&#8211; Di\u1ec7n t\u00edch s\u00e0n:<\/strong> 294,4m2<\/div>\n<div dir=\"auto\">&#8211; T\u00e0i s\u1ea3n g\u1eafn ki\u1ec1n tr\u00ean \u0111\u1ea5t.<\/div>\n<div dir=\"auto\"><strong>&#8211; H\u01b0\u1edbng:<\/strong> T\u00e2y, Nam, B\u1ea5c<\/div>\n<div dir=\"auto\"><strong>&#8211; V\u1ecb Tr\u00ed:<\/strong> KBT \u0110\u1ec9nh Long, H\u1ea3i D\u01b0\u01a1ng<\/div>\n<div dir=\"auto\"><img loading=\"lazy\" class=\"alignnone size-medium wp-image-1137\" src=\"https:\/\/vttdragon.com\/wp-content\/uploads\/2021\/12\/bt3-533x400.jpg\" alt=\"\" width=\"533\" height=\"400\" srcset=\"https:\/\/batdongsan8.vttagency.vn\/wp-content\/uploads\/2021\/12\/bt3-533x400.jpg 533w, https:\/\/batdongsan8.vttagency.vn\/wp-content\/uploads\/2021\/12\/bt3-768x576.jpg 768w, https:\/\/batdongsan8.vttagency.vn\/wp-content\/uploads\/2021\/12\/bt3-600x450.jpg 600w, https:\/\/batdongsan8.vttagency.vn\/wp-content\/uploads\/2021\/12\/bt3.jpg 960w\" sizes=\"(max-width: 533px) 100vw, 533px\" \/><\/div>\n<div dir=\"auto\">Bi\u1ec7t Th\u1ef1 x\u00e2y \u0111\u1ec3 \u1edf l\u00ean r\u1ea5t \u0111\u1eb9p v\u00e0 ch\u1eafc ch\u1eafn.<\/div>\n<div dir=\"auto\"><img loading=\"lazy\" class=\"alignnone size-medium wp-image-1138\" src=\"https:\/\/vttdragon.com\/wp-content\/uploads\/2021\/12\/bt4-534x400.jpg\" alt=\"\" width=\"534\" height=\"400\" srcset=\"https:\/\/batdongsan8.vttagency.vn\/wp-content\/uploads\/2021\/12\/bt4-534x400.jpg 534w, https:\/\/batdongsan8.vttagency.vn\/wp-content\/uploads\/2021\/12\/bt4-768x575.jpg 768w, https:\/\/batdongsan8.vttagency.vn\/wp-content\/uploads\/2021\/12\/bt4-600x449.jpg 600w, https:\/\/batdongsan8.vttagency.vn\/wp-content\/uploads\/2021\/12\/bt4.jpg 960w\" sizes=\"(max-width: 534px) 100vw, 534px\" \/><\/div>\n<div dir=\"auto\">\n<div dir=\"auto\" style=\"text-align: center\"><span style=\"color: #ff0000\"><strong>TH\u00d4NG TIN LI\u00caN H\u1ec6:<\/strong><\/span><\/div>\n<div dir=\"auto\">\n<p style=\"text-align: center\"><span style=\"color: #ff0000\"><\/span><\/p>\n<p style=\"text-align: center\"><span style=\"color: #ff0000\"><strong>S\u0110T:\u00a0\u00a00789.50.6668<\/strong><\/span><\/p>\n<\/div>\n<\/div>\n","protected":false},"excerpt":{"rendered":"<table style=\"border-collapse: collapse;width: 100%\">\n<tbody>\n<tr>\n<td style=\"width: 50%\">Di\u1ec7n T\u00edch \u0110\u1ea5t<\/td>\n<td style=\"width: 50%\">271m2<\/td>\n<\/tr>\n<tr>\n<td style=\"width: 50%\">Di\u1ec7n T\u00edch X\u00e2y D\u1ef1ng<\/td>\n<td style=\"width: 50%\">147,2m2<\/td>\n<\/tr>\n<tr>\n<td style=\"width: 50%\">Di\u1ec7n T\u00edch S\u00e0n<\/td>\n<td style=\"width: 50%\">294,4m2<\/td>\n<\/tr>\n<tr>\n<td style=\"width: 50%\">H\u01b0\u1edbng Nh\u00e0<\/td>\n<td style=\"width: 50%\">T\u00e2y, Nam, B\u1eafc<\/td>\n<\/tr>\n<tr>\n<td style=\"width: 50%\">V\u1ecb Tr\u00ed Nh\u00e0<\/td>\n<td style=\"width: 50%\">KBT \u0110\u1ec9nh Long H\u1ea3i D\u01b0\u01a1ng<\/td>\n<\/tr>\n<tr>\n<td style=\"width: 50%\"><\/td>\n<td style=\"width: 50%\"><\/td>\n<\/tr>\n<tr>\n<td style=\"width: 50%\"><\/td>\n<td style=\"width: 50%\"><\/td>\n<\/tr>\n<tr>\n<td style=\"width: 50%\"><\/td>\n<td style=\"width: 50%\"><\/td>\n<\/tr>\n<tr>\n<td style=\"width: 50%\"><\/td>\n<td style=\"width: 50%\"><\/td>\n<\/tr>\n<tr>\n<td style=\"width: 50%\"><\/td>\n<td style=\"width: 50%\"><\/td>\n<\/tr>\n<\/tbody>\n<\/table>\n","protected":false},"featured_media":1135,"comment_status":"open","ping_status":"closed","template":"","meta":[],"_links":{"self":[{"href":"https:\/\/batdongsan8.vttagency.vn\/index.php?rest_route=\/wp\/v2\/product\/1133"}],"collection":[{"href":"https:\/\/batdongsan8.vttagency.vn\/index.php?rest_route=\/wp\/v2\/product"}],"about":[{"href":"https:\/\/batdongsan8.vttagency.vn\/index.php?rest_route=\/wp\/v2\/types\/product"}],"replies":[{"embeddable":true,"href":"https:\/\/batdongsan8.vttagency.vn\/index.php?rest_route=%2Fwp%2Fv2%2Fcomments&post=1133"}],"wp:featuredmedia":[{"embeddable":true,"href":"https:\/\/batdongsan8.vttagency.vn\/index.php?rest_route=\/wp\/v2\/media\/1135"}],"wp:attachment":[{"href":"https:\/\/batdongsan8.vttagency.vn\/index.php?rest_route=%2Fwp%2Fv2%2Fmedia&parent=1133"}],"curies":[{"name":"wp","href":"https:\/\/api.w.org\/{rel}","templated":true}]}}